{"id":7177,"date":"2025-02-24T14:08:17","date_gmt":"2025-02-24T14:08:17","guid":{"rendered":"https:\/\/hatapress.com\/blog\/"},"modified":"2025-11-03T08:40:01","modified_gmt":"2025-11-03T08:40:01","slug":"blog","status":"publish","type":"page","link":"https:\/\/hatapress.com\/en\/blog\/","title":{"rendered":"Blog"},"content":{"rendered":"\n<style type=\"text\/css\" data-created_by=\"avia_inline_auto\" id=\"style-css-av-1hlt3-0b75e103325d5c024add668ab48ebffb\">\n.avia-section.av-1hlt3-0b75e103325d5c024add668ab48ebffb{\nbackground-repeat:no-repeat;\nbackground-image:url(https:\/\/hatapress.com\/wp-content\/uploads\/2025\/03\/bread-bg.jpg);\nbackground-position:50% 100%;\nbackground-attachment:scroll;\n}\n.avia-section.av-1hlt3-0b75e103325d5c024add668ab48ebffb .av-section-color-overlay{\nopacity:0.7;\nbackground-color:#0a0a0a;\n}\n<\/style>\n<div id='av_section_1'  class='avia-section av-1hlt3-0b75e103325d5c024add668ab48ebffb main_color avia-section-default avia-no-border-styling  avia-builder-el-0  el_before_av_section  avia-builder-el-first  avia-full-stretch avia-bg-style-scroll av-section-color-overlay-active av-minimum-height av-minimum-height-35 av-height-percent  container_wrap sidebar_left'  data-section-bg-repeat='stretch' data-av_minimum_height_pc='35' data-av_min_height_opt='percent'><div class=\"av-section-color-overlay-wrap\"><div class=\"av-section-color-overlay\"><\/div><div class='container av-section-cont-open' ><main  role=\"main\" itemprop=\"mainContentOfPage\"  class='template-page content  av-content-small units'><div class='post-entry post-entry-type-page post-entry-7177'><div class='entry-content-wrapper clearfix'>\n<div  class='flex_column av-12jtz-4cf7e3ffe8a8445a7cb32a9520249f2a av_one_full  avia-builder-el-1  avia-builder-el-no-sibling  first flex_column_div  '     ><style type=\"text\/css\" data-created_by=\"avia_inline_auto\" id=\"style-css-av-m84cmjov-5902a1e6af6c3bdde22276c91f8008a1\">\n#top .av-special-heading.av-m84cmjov-5902a1e6af6c3bdde22276c91f8008a1{\npadding-bottom:10px;\ncolor:#ffffff;\n}\nbody .av-special-heading.av-m84cmjov-5902a1e6af6c3bdde22276c91f8008a1 .av-special-heading-tag .heading-char{\nfont-size:25px;\n}\n.av-special-heading.av-m84cmjov-5902a1e6af6c3bdde22276c91f8008a1 .special-heading-inner-border{\nborder-color:#ffffff;\n}\n.av-special-heading.av-m84cmjov-5902a1e6af6c3bdde22276c91f8008a1 .av-subheading{\nfont-size:15px;\n}\n<\/style>\n<div  class='av-special-heading av-m84cmjov-5902a1e6af6c3bdde22276c91f8008a1 av-special-heading-h1 custom-color-heading blockquote modern-quote modern-centered  avia-builder-el-2  avia-builder-el-no-sibling '><h1 class='av-special-heading-tag '  itemprop=\"headline\"  >News<\/h1><div class=\"special-heading-border\"><div class=\"special-heading-inner-border\"><\/div><\/div><\/div><\/div><\/div><\/div><\/main><!-- close content main element --><\/div><\/div><\/div><div id='av_section_2'  class='avia-section av-65uz-69375761569ac5f249ee0c291bcf0658 main_color avia-section-default avia-no-border-styling  avia-builder-el-3  el_after_av_section  avia-builder-el-last  avia-bg-style-scroll container_wrap sidebar_left'  ><div class='container av-section-cont-open' ><div class='template-page content  av-content-small units'><div class='post-entry post-entry-type-page post-entry-7177'><div class='entry-content-wrapper clearfix'>\n<div  class='flex_column av-10843-b240777fd6709a6d09d2e4428205165f av_one_half  avia-builder-el-4  el_before_av_one_half  avia-builder-el-first  first flex_column_div  '     ><div  id=\"avia-magazine-1\"  class='av-magazine av-mbkpt899-488eca5284cd033bcf2ea90637ee58e7 av-magazine-top-bar-active av-magazine-hero-top av-magazine-tabs-active  avia-builder-el-5  avia-builder-el-no-sibling   avia-builder-el-5  avia-builder-el-no-sibling ' ><div class='av-magazine-top-bar '><\/div><div class='av-magazine-group sort_all'><div class='av-magazine-hero first '><article class='av-magazine-entry av-magazine-entry-id-7619 av-magazine-format-standard av-magazine-type-post av-magazine-entry-1 av-magazine-entry-big '  itemscope=\"itemscope\" itemtype=\"https:\/\/schema.org\/CreativeWork\" ><div class=\"av-magazine-thumbnail\"><a href='https:\/\/hatapress.com\/en\/guia-maquina-personalizacion-textil\/' title='Link to: Gu\u00eda para elegir la m\u00e1quina ideal de personalizaci\u00f3n textil | Hatapress' class='av-magazine-thumbnail-link'><img decoding=\"async\" fetchpriority=\"high\" width=\"710\" height=\"375\" src=\"https:\/\/hatapress.com\/wp-content\/uploads\/2025\/10\/Inspirate.-Nunca-dejes-de-crear-710x375.png\" class=\"wp-image-7620 avia-img-lazy-loading-not-7620 attachment-magazine size-magazine wp-post-image\" alt=\"\" \/><\/a><\/div><div class=\"av-magazine-content-wrap\"><header class=\"entry-content-header\" aria-label=\"Post: Gu\u00eda para elegir la m\u00e1quina ideal de personalizaci\u00f3n textil | Hatapress\"><time class='av-magazine-time updated'  itemprop=\"datePublished\" datetime=\"2025-10-07T14:34:42+00:00\" >October 7, 2025<\/time><span class=\"av-magazine-author-wrap\"><span class=\"av-magazine-text-sep text-sep-date\">\/<\/span><span class=\"av-magazine-author minor-meta\">by <span class=\"av-magazine-author-link\"  itemprop=\"author\" ><span class=\"av-magazine-author meta-color author\"><span class=\"fn\"><a href=\"https:\/\/hatapress.com\/en\/author\/marga\/\" title=\"by Ibrahima\" rel=\"author\">Ibrahima<\/a><\/span><\/span><\/span><\/span><\/span><span class=\"av-magazine-cats-wrap\"><span class=\"av-magazine-text-sep text-sep-cats\">In<\/span><span class=\"av-magazine-cats minor-meta\"><a href=\"https:\/\/hatapress.com\/en\/category\/noticias\/\" rel=\"tag\">Noticias<\/a> <\/span><\/span><h3 class='av-magazine-title entry-title '  itemprop=\"headline\" ><a href='https:\/\/hatapress.com\/en\/guia-maquina-personalizacion-textil\/' title='Link to: Gu\u00eda para elegir la m\u00e1quina ideal de personalizaci\u00f3n textil | Hatapress'>Gu\u00eda para elegir la m\u00e1quina ideal de personalizaci\u00f3n textil | Hatapress<\/a><\/h3><\/header><div class='av-magazine-content entry-content'  itemprop=\"text\" ><p>Elegir la m\u00e1quina adecuada es una de las decisiones m\u00e1s importantes\u2026<\/p>\n<\/div><\/div><footer class=\"entry-footer\"><\/footer><\/article><\/div><\/div><\/div><\/div><div  class='flex_column av-q2oj-446c8382b478b93b11586f6b3e5b0ea7 av_one_half  avia-builder-el-6  el_after_av_one_half  avia-builder-el-last  flex_column_div  '     ><div  id=\"avia-magazine-2\"  class='av-magazine av-mbkq0i8s-cf9d3249ffb4d2a9f094505f272877da  avia-builder-el-7  avia-builder-el-no-sibling   avia-builder-el-7  avia-builder-el-no-sibling ' ><div class='av-magazine-group sort_all'><article class='av-magazine-entry av-magazine-entry-id-7619 av-magazine-format-standard av-magazine-type-post av-magazine-entry-1 av-magazine-entry-small '  itemscope=\"itemscope\" itemtype=\"https:\/\/schema.org\/CreativeWork\" ><div class=\"av-magazine-thumbnail\"><a href='https:\/\/hatapress.com\/en\/guia-maquina-personalizacion-textil\/' title='Link to: Gu\u00eda para elegir la m\u00e1quina ideal de personalizaci\u00f3n textil | Hatapress' class='av-magazine-thumbnail-link'><img decoding=\"async\" fetchpriority=\"high\" width=\"150\" height=\"150\" src=\"https:\/\/hatapress.com\/wp-content\/uploads\/2025\/10\/Inspirate.-Nunca-dejes-de-crear-150x150.png\" class=\"wp-image-7620 avia-img-lazy-loading-not-7620 attachment-thumbnail size-thumbnail wp-post-image\" alt=\"\" srcset=\"https:\/\/hatapress.com\/wp-content\/uploads\/2025\/10\/Inspirate.-Nunca-dejes-de-crear-150x150.png 150w, https:\/\/hatapress.com\/wp-content\/uploads\/2025\/10\/Inspirate.-Nunca-dejes-de-crear-36x36.png 36w, https:\/\/hatapress.com\/wp-content\/uploads\/2025\/10\/Inspirate.-Nunca-dejes-de-crear-180x180.png 180w\" sizes=\"(max-width: 150px) 100vw, 150px\" \/><\/a><\/div><div class=\"av-magazine-content-wrap\"><header class=\"entry-content-header\" aria-label=\"Post: Gu\u00eda para elegir la m\u00e1quina ideal de personalizaci\u00f3n textil | Hatapress\"><time class='av-magazine-time updated'  itemprop=\"datePublished\" datetime=\"2025-10-07T14:34:42+00:00\" >October 7, 2025<\/time><span class=\"av-magazine-author-wrap\"><span class=\"av-magazine-text-sep text-sep-date\">\/<\/span><span class=\"av-magazine-author minor-meta\">by <span class=\"av-magazine-author-link\"  itemprop=\"author\" ><span class=\"av-magazine-author meta-color author\"><span class=\"fn\"><a href=\"https:\/\/hatapress.com\/en\/author\/marga\/\" title=\"by Ibrahima\" rel=\"author\">Ibrahima<\/a><\/span><\/span><\/span><\/span><\/span><span class=\"av-magazine-cats-wrap\"><span class=\"av-magazine-text-sep text-sep-cats\">In<\/span><span class=\"av-magazine-cats minor-meta\"><a href=\"https:\/\/hatapress.com\/en\/category\/noticias\/\" rel=\"tag\">Noticias<\/a> <\/span><\/span><h3 class='av-magazine-title entry-title '  itemprop=\"headline\" ><a href='https:\/\/hatapress.com\/en\/guia-maquina-personalizacion-textil\/' title='Link to: Gu\u00eda para elegir la m\u00e1quina ideal de personalizaci\u00f3n textil | Hatapress'>Gu\u00eda para elegir la m\u00e1quina ideal de personalizaci\u00f3n textil | Hatapress<\/a><\/h3><\/header><\/div><footer class=\"entry-footer\"><\/footer><\/article><article class='av-magazine-entry av-magazine-entry-id-7621 av-magazine-format-standard av-magazine-type-post av-magazine-entry-2 av-magazine-entry-small '  itemscope=\"itemscope\" itemtype=\"https:\/\/schema.org\/CreativeWork\" ><div class=\"av-magazine-thumbnail\"><a href='https:\/\/hatapress.com\/en\/maquinas-dtf-ventajas-usos-y-soluciones-para-tu-negocio-de-personalizacion-textil\/' title='Link to: M\u00e1quinas DTF: ventajas, usos y soluciones para tu negocio de personalizaci\u00f3n textil' class='av-magazine-thumbnail-link'><img decoding=\"async\" fetchpriority=\"high\" width=\"150\" height=\"150\" src=\"https:\/\/hatapress.com\/wp-content\/uploads\/2025\/09\/maquinaria-textil-150x150.png\" class=\"wp-image-7622 avia-img-lazy-loading-not-7622 attachment-thumbnail size-thumbnail wp-post-image\" alt=\"\" srcset=\"https:\/\/hatapress.com\/wp-content\/uploads\/2025\/09\/maquinaria-textil-150x150.png 150w, https:\/\/hatapress.com\/wp-content\/uploads\/2025\/09\/maquinaria-textil-36x36.png 36w, https:\/\/hatapress.com\/wp-content\/uploads\/2025\/09\/maquinaria-textil-180x180.png 180w\" sizes=\"(max-width: 150px) 100vw, 150px\" \/><\/a><\/div><div class=\"av-magazine-content-wrap\"><header class=\"entry-content-header\" aria-label=\"Post: M\u00e1quinas DTF: ventajas, usos y soluciones para tu negocio de personalizaci\u00f3n textil\"><time class='av-magazine-time updated'  itemprop=\"datePublished\" datetime=\"2025-09-08T07:22:47+00:00\" >September 8, 2025<\/time><span class=\"av-magazine-author-wrap\"><span class=\"av-magazine-text-sep text-sep-date\">\/<\/span><span class=\"av-magazine-author minor-meta\">by <span class=\"av-magazine-author-link\"  itemprop=\"author\" ><span class=\"av-magazine-author meta-color author\"><span class=\"fn\"><a href=\"https:\/\/hatapress.com\/en\/author\/marga\/\" title=\"by Ibrahima\" rel=\"author\">Ibrahima<\/a><\/span><\/span><\/span><\/span><\/span><span class=\"av-magazine-cats-wrap\"><span class=\"av-magazine-text-sep text-sep-cats\">In<\/span><span class=\"av-magazine-cats minor-meta\"><a href=\"https:\/\/hatapress.com\/en\/category\/noticias\/\" rel=\"tag\">Noticias<\/a> <\/span><\/span><h3 class='av-magazine-title entry-title '  itemprop=\"headline\" ><a href='https:\/\/hatapress.com\/en\/maquinas-dtf-ventajas-usos-y-soluciones-para-tu-negocio-de-personalizacion-textil\/' title='Link to: M\u00e1quinas DTF: ventajas, usos y soluciones para tu negocio de personalizaci\u00f3n textil'>M\u00e1quinas DTF: ventajas, usos y soluciones para tu negocio de personalizaci\u00f3n textil<\/a><\/h3><\/header><\/div><footer class=\"entry-footer\"><\/footer><\/article><article class='av-magazine-entry av-magazine-entry-id-7623 av-magazine-format-standard av-magazine-type-post av-magazine-entry-3 av-magazine-entry-small '  itemscope=\"itemscope\" itemtype=\"https:\/\/schema.org\/CreativeWork\" ><div class=\"av-magazine-thumbnail\"><a href='https:\/\/hatapress.com\/en\/vuelta-al-cole-uniformes-escolares-y-equipaciones-deportivas\/' title='Link to: La vuelta al cole: c\u00f3mo preparar uniformes escolares y equipaciones deportivas con la mejor maquinaria textil' class='av-magazine-thumbnail-link'><img decoding=\"async\" fetchpriority=\"high\" width=\"150\" height=\"150\" src=\"https:\/\/hatapress.com\/wp-content\/uploads\/2025\/09\/VUELTA-VACACIONES-150x150.png\" class=\"wp-image-7624 avia-img-lazy-loading-not-7624 attachment-thumbnail size-thumbnail wp-post-image\" alt=\"\" srcset=\"https:\/\/hatapress.com\/wp-content\/uploads\/2025\/09\/VUELTA-VACACIONES-150x150.png 150w, https:\/\/hatapress.com\/wp-content\/uploads\/2025\/09\/VUELTA-VACACIONES-36x36.png 36w, https:\/\/hatapress.com\/wp-content\/uploads\/2025\/09\/VUELTA-VACACIONES-180x180.png 180w\" sizes=\"(max-width: 150px) 100vw, 150px\" \/><\/a><\/div><div class=\"av-magazine-content-wrap\"><header class=\"entry-content-header\" aria-label=\"Post: La vuelta al cole: c\u00f3mo preparar uniformes escolares y equipaciones deportivas con la mejor maquinaria textil\"><time class='av-magazine-time updated'  itemprop=\"datePublished\" datetime=\"2025-09-01T15:21:52+00:00\" >September 1, 2025<\/time><span class=\"av-magazine-author-wrap\"><span class=\"av-magazine-text-sep text-sep-date\">\/<\/span><span class=\"av-magazine-author minor-meta\">by <span class=\"av-magazine-author-link\"  itemprop=\"author\" ><span class=\"av-magazine-author meta-color author\"><span class=\"fn\"><a href=\"https:\/\/hatapress.com\/en\/author\/marga\/\" title=\"by Ibrahima\" rel=\"author\">Ibrahima<\/a><\/span><\/span><\/span><\/span><\/span><span class=\"av-magazine-cats-wrap\"><span class=\"av-magazine-text-sep text-sep-cats\">In<\/span><span class=\"av-magazine-cats minor-meta\"><a href=\"https:\/\/hatapress.com\/en\/category\/noticias\/\" rel=\"tag\">Noticias<\/a> <\/span><\/span><h3 class='av-magazine-title entry-title '  itemprop=\"headline\" ><a href='https:\/\/hatapress.com\/en\/vuelta-al-cole-uniformes-escolares-y-equipaciones-deportivas\/' title='Link to: La vuelta al cole: c\u00f3mo preparar uniformes escolares y equipaciones deportivas con la mejor maquinaria textil'>La vuelta al cole: c\u00f3mo preparar uniformes escolares y equipaciones deportivas con la mejor maquinaria textil<\/a><\/h3><\/header><\/div><footer class=\"entry-footer\"><\/footer><\/article><article class='av-magazine-entry av-magazine-entry-id-7625 av-magazine-format-standard av-magazine-type-post av-magazine-entry-4 av-magazine-entry-small '  itemscope=\"itemscope\" itemtype=\"https:\/\/schema.org\/CreativeWork\" ><div class=\"av-magazine-thumbnail\"><a href='https:\/\/hatapress.com\/en\/sigues-cortando-dtf-a-mano-asi-es-como-estas-perdiendo-tiempo-precision-y-dinero\/' title='Link to: \u00bfSigues cortando DTF a mano? As\u00ed es como est\u00e1s perdiendo tiempo, precisi\u00f3n\u2026 y dinero' class='av-magazine-thumbnail-link'><img decoding=\"async\" fetchpriority=\"high\" width=\"150\" height=\"150\" src=\"https:\/\/hatapress.com\/wp-content\/uploads\/2025\/05\/Cortadora-DTF-150x150.png\" class=\"wp-image-7336 avia-img-lazy-loading-not-7336 attachment-thumbnail size-thumbnail wp-post-image\" alt=\"\" srcset=\"https:\/\/hatapress.com\/wp-content\/uploads\/2025\/05\/Cortadora-DTF-150x150.png 150w, https:\/\/hatapress.com\/wp-content\/uploads\/2025\/05\/Cortadora-DTF-36x36.png 36w, https:\/\/hatapress.com\/wp-content\/uploads\/2025\/05\/Cortadora-DTF-180x180.png 180w\" sizes=\"(max-width: 150px) 100vw, 150px\" \/><\/a><\/div><div class=\"av-magazine-content-wrap\"><header class=\"entry-content-header\" aria-label=\"Post: \u00bfSigues cortando DTF a mano? As\u00ed es como est\u00e1s perdiendo tiempo, precisi\u00f3n\u2026 y dinero\"><time class='av-magazine-time updated'  itemprop=\"datePublished\" datetime=\"2025-08-04T15:21:58+00:00\" >August 4, 2025<\/time><span class=\"av-magazine-author-wrap\"><span class=\"av-magazine-text-sep text-sep-date\">\/<\/span><span class=\"av-magazine-author minor-meta\">by <span class=\"av-magazine-author-link\"  itemprop=\"author\" ><span class=\"av-magazine-author meta-color author\"><span class=\"fn\"><a href=\"https:\/\/hatapress.com\/en\/author\/marga\/\" title=\"by Ibrahima\" rel=\"author\">Ibrahima<\/a><\/span><\/span><\/span><\/span><\/span><span class=\"av-magazine-cats-wrap\"><span class=\"av-magazine-text-sep text-sep-cats\">In<\/span><span class=\"av-magazine-cats minor-meta\"><a href=\"https:\/\/hatapress.com\/en\/category\/noticias\/\" rel=\"tag\">Noticias<\/a> <\/span><\/span><h3 class='av-magazine-title entry-title '  itemprop=\"headline\" ><a href='https:\/\/hatapress.com\/en\/sigues-cortando-dtf-a-mano-asi-es-como-estas-perdiendo-tiempo-precision-y-dinero\/' title='Link to: \u00bfSigues cortando DTF a mano? As\u00ed es como est\u00e1s perdiendo tiempo, precisi\u00f3n\u2026 y dinero'>\u00bfSigues cortando DTF a mano? As\u00ed es como est\u00e1s perdiendo tiempo, precisi\u00f3n\u2026 y dinero<\/a><\/h3><\/header><\/div><footer class=\"entry-footer\"><\/footer><\/article><article class='av-magazine-entry av-magazine-entry-id-7626 av-magazine-format-standard av-magazine-type-post av-magazine-entry-5 av-magazine-entry-small '  itemscope=\"itemscope\" itemtype=\"https:\/\/schema.org\/CreativeWork\" ><div class=\"av-magazine-thumbnail\"><a href='https:\/\/hatapress.com\/en\/impresoras-de-sublimacion-fedar-produccion-textil-de-alto-rendimiento\/' title='Link to: Impresoras de sublimaci\u00f3n FEDAR: producci\u00f3n textil de alto rendimiento' class='av-magazine-thumbnail-link'><img decoding=\"async\" fetchpriority=\"high\" width=\"150\" height=\"150\" src=\"https:\/\/hatapress.com\/wp-content\/uploads\/2025\/07\/FD6196E-1-8-cabezales-150x150.png\" class=\"wp-image-7244 avia-img-lazy-loading-not-7244 attachment-thumbnail size-thumbnail wp-post-image\" alt=\"\" srcset=\"https:\/\/hatapress.com\/wp-content\/uploads\/2025\/07\/FD6196E-1-8-cabezales-150x150.png 150w, https:\/\/hatapress.com\/wp-content\/uploads\/2025\/07\/FD6196E-1-8-cabezales-36x36.png 36w, https:\/\/hatapress.com\/wp-content\/uploads\/2025\/07\/FD6196E-1-8-cabezales-180x180.png 180w\" sizes=\"(max-width: 150px) 100vw, 150px\" \/><\/a><\/div><div class=\"av-magazine-content-wrap\"><header class=\"entry-content-header\" aria-label=\"Post: Impresoras de sublimaci\u00f3n FEDAR: producci\u00f3n textil de alto rendimiento\"><time class='av-magazine-time updated'  itemprop=\"datePublished\" datetime=\"2025-07-30T12:58:04+00:00\" >July 30, 2025<\/time><span class=\"av-magazine-author-wrap\"><span class=\"av-magazine-text-sep text-sep-date\">\/<\/span><span class=\"av-magazine-author minor-meta\">by <span class=\"av-magazine-author-link\"  itemprop=\"author\" ><span class=\"av-magazine-author meta-color author\"><span class=\"fn\"><a href=\"https:\/\/hatapress.com\/en\/author\/marga\/\" title=\"by Ibrahima\" rel=\"author\">Ibrahima<\/a><\/span><\/span><\/span><\/span><\/span><span class=\"av-magazine-cats-wrap\"><span class=\"av-magazine-text-sep text-sep-cats\">In<\/span><span class=\"av-magazine-cats minor-meta\"><a href=\"https:\/\/hatapress.com\/en\/category\/noticias\/\" rel=\"tag\">Noticias<\/a> <\/span><\/span><h3 class='av-magazine-title entry-title '  itemprop=\"headline\" ><a href='https:\/\/hatapress.com\/en\/impresoras-de-sublimacion-fedar-produccion-textil-de-alto-rendimiento\/' title='Link to: Impresoras de sublimaci\u00f3n FEDAR: producci\u00f3n textil de alto rendimiento'>Impresoras de sublimaci\u00f3n FEDAR: producci\u00f3n textil de alto rendimiento<\/a><\/h3><\/header><\/div><footer class=\"entry-footer\"><\/footer><\/article><\/div><div class='av-masonry-pagination av-masonry-pagination-pagination'><nav class='pagination'><span class='pagination-meta'>Page 1 of 16<\/span><span class='current'>1<\/span><a href='https:\/\/hatapress.com\/en\/wp-json\/wp\/v2\/pages\/7177\/?avia-element-paging=2' class='inactive next_page' >2<\/a><a href='https:\/\/hatapress.com\/en\/wp-json\/wp\/v2\/pages\/7177\/?avia-element-paging=3' class='inactive' >3<\/a><a href='https:\/\/hatapress.com\/en\/wp-json\/wp\/v2\/pages\/7177\/?avia-element-paging=2'>&rsaquo;<\/a><a href='https:\/\/hatapress.com\/en\/wp-json\/wp\/v2\/pages\/7177\/?avia-element-paging=16'>&raquo;<\/a><\/nav>\n<\/div><\/div><\/div>\n<\/div><\/div><\/div><!-- close content main div --><\/div><\/div><div id='after_section_2'  class='main_color av_default_container_wrap container_wrap sidebar_left'  ><div class='container av-section-cont-open' ><div class='template-page content  av-content-small units'><div class='post-entry post-entry-type-page post-entry-7177'><div class='entry-content-wrapper clearfix'><\/p>\n","protected":false},"excerpt":{"rendered":"","protected":false},"author":1,"featured_media":0,"parent":0,"menu_order":0,"comment_status":"closed","ping_status":"closed","template":"","meta":{"footnotes":""},"class_list":["post-7177","page","type-page","status-publish","hentry"],"yoast_head":"<!-- This site is optimized with the Yoast SEO plugin v27.3 - https:\/\/yoast.com\/product\/yoast-seo-wordpress\/ -->\n<title>Blog - Hatapress<\/title>\n<meta name=\"description\" content=\"Discover the latest news, tips, and trends in textile printing, laser cutting, and sublimation on the Hatapress blog.\" \/>\n<meta name=\"robots\" content=\"index, follow, max-snippet:-1, max-image-preview:large, max-video-preview:-1\" \/>\n<link rel=\"canonical\" href=\"https:\/\/hatapress.com\/en\/blog\/\" \/>\n<meta property=\"og:locale\" content=\"en_US\" \/>\n<meta property=\"og:type\" content=\"article\" \/>\n<meta property=\"og:title\" content=\"Blog - Hatapress\" \/>\n<meta property=\"og:description\" content=\"Discover the latest news, tips, and trends in textile printing, laser cutting, and sublimation on the Hatapress blog.\" \/>\n<meta property=\"og:url\" content=\"https:\/\/hatapress.com\/en\/blog\/\" \/>\n<meta property=\"og:site_name\" content=\"Hatapress\" \/>\n<meta property=\"article:modified_time\" content=\"2025-11-03T08:40:01+00:00\" \/>\n<meta name=\"twitter:card\" content=\"summary_large_image\" \/>\n<meta name=\"twitter:label1\" content=\"Est. reading time\" \/>\n\t<meta name=\"twitter:data1\" content=\"2 minutes\" \/>\n<script type=\"application\/ld+json\" class=\"yoast-schema-graph\">{\"@context\":\"https:\\\/\\\/schema.org\",\"@graph\":[{\"@type\":\"WebPage\",\"@id\":\"https:\\\/\\\/hatapress.com\\\/en\\\/blog\\\/\",\"url\":\"https:\\\/\\\/hatapress.com\\\/en\\\/blog\\\/\",\"name\":\"Blog - Hatapress\",\"isPartOf\":{\"@id\":\"https:\\\/\\\/hatapress.com\\\/#website\"},\"datePublished\":\"2025-02-24T14:08:17+00:00\",\"dateModified\":\"2025-11-03T08:40:01+00:00\",\"description\":\"Discover the latest news, tips, and trends in textile printing, laser cutting, and sublimation on the Hatapress blog.\",\"breadcrumb\":{\"@id\":\"https:\\\/\\\/hatapress.com\\\/en\\\/blog\\\/#breadcrumb\"},\"inLanguage\":\"en-US\",\"potentialAction\":[{\"@type\":\"ReadAction\",\"target\":[\"https:\\\/\\\/hatapress.com\\\/en\\\/blog\\\/\"]}]},{\"@type\":\"BreadcrumbList\",\"@id\":\"https:\\\/\\\/hatapress.com\\\/en\\\/blog\\\/#breadcrumb\",\"itemListElement\":[{\"@type\":\"ListItem\",\"position\":1,\"name\":\"Portada\",\"item\":\"https:\\\/\\\/hatapress.com\\\/en\\\/home\\\/\"},{\"@type\":\"ListItem\",\"position\":2,\"name\":\"Blog\"}]},{\"@type\":\"WebSite\",\"@id\":\"https:\\\/\\\/hatapress.com\\\/#website\",\"url\":\"https:\\\/\\\/hatapress.com\\\/\",\"name\":\"Hatapress\",\"description\":\"\",\"potentialAction\":[{\"@type\":\"SearchAction\",\"target\":{\"@type\":\"EntryPoint\",\"urlTemplate\":\"https:\\\/\\\/hatapress.com\\\/?s={search_term_string}\"},\"query-input\":{\"@type\":\"PropertyValueSpecification\",\"valueRequired\":true,\"valueName\":\"search_term_string\"}}],\"inLanguage\":\"en-US\"}]}<\/script>\n<!-- \/ Yoast SEO plugin. -->","yoast_head_json":{"title":"Blog - Hatapress","description":"Discover the latest news, tips, and trends in textile printing, laser cutting, and sublimation on the Hatapress blog.","robots":{"index":"index","follow":"follow","max-snippet":"max-snippet:-1","max-image-preview":"max-image-preview:large","max-video-preview":"max-video-preview:-1"},"canonical":"https:\/\/hatapress.com\/en\/blog\/","og_locale":"en_US","og_type":"article","og_title":"Blog - Hatapress","og_description":"Discover the latest news, tips, and trends in textile printing, laser cutting, and sublimation on the Hatapress blog.","og_url":"https:\/\/hatapress.com\/en\/blog\/","og_site_name":"Hatapress","article_modified_time":"2025-11-03T08:40:01+00:00","twitter_card":"summary_large_image","twitter_misc":{"Est. reading time":"2 minutes"},"schema":{"@context":"https:\/\/schema.org","@graph":[{"@type":"WebPage","@id":"https:\/\/hatapress.com\/en\/blog\/","url":"https:\/\/hatapress.com\/en\/blog\/","name":"Blog - Hatapress","isPartOf":{"@id":"https:\/\/hatapress.com\/#website"},"datePublished":"2025-02-24T14:08:17+00:00","dateModified":"2025-11-03T08:40:01+00:00","description":"Discover the latest news, tips, and trends in textile printing, laser cutting, and sublimation on the Hatapress blog.","breadcrumb":{"@id":"https:\/\/hatapress.com\/en\/blog\/#breadcrumb"},"inLanguage":"en-US","potentialAction":[{"@type":"ReadAction","target":["https:\/\/hatapress.com\/en\/blog\/"]}]},{"@type":"BreadcrumbList","@id":"https:\/\/hatapress.com\/en\/blog\/#breadcrumb","itemListElement":[{"@type":"ListItem","position":1,"name":"Portada","item":"https:\/\/hatapress.com\/en\/home\/"},{"@type":"ListItem","position":2,"name":"Blog"}]},{"@type":"WebSite","@id":"https:\/\/hatapress.com\/#website","url":"https:\/\/hatapress.com\/","name":"Hatapress","description":"","potentialAction":[{"@type":"SearchAction","target":{"@type":"EntryPoint","urlTemplate":"https:\/\/hatapress.com\/?s={search_term_string}"},"query-input":{"@type":"PropertyValueSpecification","valueRequired":true,"valueName":"search_term_string"}}],"inLanguage":"en-US"}]}},"_links":{"self":[{"href":"https:\/\/hatapress.com\/en\/wp-json\/wp\/v2\/pages\/7177","targetHints":{"allow":["GET"]}}],"collection":[{"href":"https:\/\/hatapress.com\/en\/wp-json\/wp\/v2\/pages"}],"about":[{"href":"https:\/\/hatapress.com\/en\/wp-json\/wp\/v2\/types\/page"}],"author":[{"embeddable":true,"href":"https:\/\/hatapress.com\/en\/wp-json\/wp\/v2\/users\/1"}],"replies":[{"embeddable":true,"href":"https:\/\/hatapress.com\/en\/wp-json\/wp\/v2\/comments?post=7177"}],"version-history":[{"count":2,"href":"https:\/\/hatapress.com\/en\/wp-json\/wp\/v2\/pages\/7177\/revisions"}],"predecessor-version":[{"id":7860,"href":"https:\/\/hatapress.com\/en\/wp-json\/wp\/v2\/pages\/7177\/revisions\/7860"}],"wp:attachment":[{"href":"https:\/\/hatapress.com\/en\/wp-json\/wp\/v2\/media?parent=7177"}],"curies":[{"name":"wp","href":"https:\/\/api.w.org\/{rel}","templated":true}]}}