{"id":1612,"date":"2025-05-28T14:25:33","date_gmt":"2025-05-28T14:25:33","guid":{"rendered":"https:\/\/hatapress.com\/ocasion\/"},"modified":"2025-06-09T08:01:05","modified_gmt":"2025-06-09T08:01:05","slug":"promotion","status":"publish","type":"page","link":"https:\/\/hatapress.com\/fr\/produits-presses-a-transfert-sublimation-textile-calandres\/promotion\/","title":{"rendered":"Promotion"},"content":{"rendered":"\n<style type=\"text\/css\" data-created_by=\"avia_inline_auto\" id=\"style-css-av-93041x-d9dbc1c7780e866ddcf7672db454f5ca\">\n.avia-section.av-93041x-d9dbc1c7780e866ddcf7672db454f5ca{\nbackground-repeat:no-repeat;\nbackground-image:url(https:\/\/hatapress.com\/wp-content\/uploads\/2025\/03\/bread-bg.jpg);\nbackground-position:50% 100%;\nbackground-attachment:scroll;\n}\n.avia-section.av-93041x-d9dbc1c7780e866ddcf7672db454f5ca .av-section-color-overlay{\nopacity:0.7;\nbackground-color:#0a0a0a;\n}\n<\/style>\n<div id='av_section_1'  class='avia-section av-93041x-d9dbc1c7780e866ddcf7672db454f5ca main_color avia-section-default avia-no-border-styling  avia-builder-el-0  el_before_av_section  avia-builder-el-first  avia-full-stretch avia-bg-style-scroll av-section-color-overlay-active av-minimum-height av-minimum-height-35 av-height-percent  container_wrap fullsize'  data-section-bg-repeat='stretch' data-av_minimum_height_pc='35' data-av_min_height_opt='percent'><div class=\"av-section-color-overlay-wrap\"><div class=\"av-section-color-overlay\"><\/div><div class='container av-section-cont-open' ><main  role=\"main\" itemprop=\"mainContentOfPage\"  class='template-page content  av-content-full alpha units'><div class='post-entry post-entry-type-page post-entry-1612'><div class='entry-content-wrapper clearfix'>\n<div  class='flex_column av-8wmwid-b021d23b81dc2aca747de50db6155f27 av_one_full  avia-builder-el-1  avia-builder-el-no-sibling  first flex_column_div  '     ><style type=\"text\/css\" data-created_by=\"avia_inline_auto\" id=\"style-css-av-m84lasdu-48a211705c166fd143a969e24cb9b966\">\n#top .av-special-heading.av-m84lasdu-48a211705c166fd143a969e24cb9b966{\npadding-bottom:10px;\ncolor:#ffffff;\n}\nbody .av-special-heading.av-m84lasdu-48a211705c166fd143a969e24cb9b966 .av-special-heading-tag .heading-char{\nfont-size:25px;\n}\n.av-special-heading.av-m84lasdu-48a211705c166fd143a969e24cb9b966 .special-heading-inner-border{\nborder-color:#ffffff;\n}\n.av-special-heading.av-m84lasdu-48a211705c166fd143a969e24cb9b966 .av-subheading{\nfont-size:15px;\n}\n<\/style>\n<div  class='av-special-heading av-m84lasdu-48a211705c166fd143a969e24cb9b966 av-special-heading-h1 custom-color-heading blockquote modern-quote modern-centered  avia-builder-el-2  avia-builder-el-no-sibling '><h1 class='av-special-heading-tag '  itemprop=\"headline\"  >Promotion<\/h1><div class=\"special-heading-border\"><div class=\"special-heading-inner-border\"><\/div><\/div><\/div><\/div><\/div><\/div><\/main><!-- close content main element --><\/div><\/div><\/div>\n<style type=\"text\/css\" data-created_by=\"avia_inline_auto\" id=\"style-css-av-8p9x5p-440985fd33197d767003f1ac6f608f78\">\n.avia-section.av-8p9x5p-440985fd33197d767003f1ac6f608f78{\nbackground-color:#e6eef3;\nbackground-image:unset;\n}\n<\/style>\n<div id='av_section_2'  class='avia-section av-8p9x5p-440985fd33197d767003f1ac6f608f78 main_color avia-section-default avia-no-border-styling  avia-builder-el-3  el_after_av_section  el_before_av_masonry_entries  avia-bg-style-scroll container_wrap fullsize'  ><div class='container av-section-cont-open' ><div class='template-page content  av-content-full alpha units'><div class='post-entry post-entry-type-page post-entry-1612'><div class='entry-content-wrapper clearfix'>\n<div class='flex_column_table av-8hh19x-1e4112e19125da94c6a880bc69bc118e sc-av_one_full av-equal-height-column-flextable'>\n<style type=\"text\/css\" data-created_by=\"avia_inline_auto\" id=\"style-css-av-8hh19x-1e4112e19125da94c6a880bc69bc118e\">\n.flex_column.av-8hh19x-1e4112e19125da94c6a880bc69bc118e{\npadding:0 0 0 0;\n}\n<\/style>\n<div  class='flex_column av-8hh19x-1e4112e19125da94c6a880bc69bc118e av_one_full  avia-builder-el-4  avia-builder-el-no-sibling  first flex_column_table_cell av-equal-height-column av-align-middle av-animated-generic left-to-right av-zero-column-padding  '     ><p>\n<style type=\"text\/css\" data-created_by=\"avia_inline_auto\" id=\"style-css-av-m84lb2ia-5f930da38efcccf72fd94b81ddf13116\">\n#top .av-special-heading.av-m84lb2ia-5f930da38efcccf72fd94b81ddf13116{\npadding-bottom:10px;\n}\nbody .av-special-heading.av-m84lb2ia-5f930da38efcccf72fd94b81ddf13116 .av-special-heading-tag .heading-char{\nfont-size:25px;\n}\n.av-special-heading.av-m84lb2ia-5f930da38efcccf72fd94b81ddf13116 .av-subheading{\nfont-size:15px;\n}\n<\/style>\n<div  class='av-special-heading av-m84lb2ia-5f930da38efcccf72fd94b81ddf13116 av-special-heading-h2 blockquote modern-quote modern-centered  avia-builder-el-5  el_before_av_textblock  avia-builder-el-first '><h2 class='av-special-heading-tag '  itemprop=\"headline\"  >Offres sp\u00e9ciales sur les machines de promotion<\/h2><div class=\"special-heading-border\"><div class=\"special-heading-inner-border\"><\/div><\/div><\/div><br \/>\n<section  class='av_textblock_section av-m84ldyy2-d3e4eccd295151f9610dc328fb1ab9e2 '   itemscope=\"itemscope\" itemtype=\"https:\/\/schema.org\/CreativeWork\" ><div class='avia_textblock av_inherit_color'  itemprop=\"text\" ><p style=\"text-align: center;\">Profitez de nos offres d&rsquo;occasion pour <strong>l&rsquo;impression textile, le calandrage et la d\u00e9coupe laser<\/strong>\u00a0: des machines r\u00e9vis\u00e9es et garanties, pr\u00eates \u00e0 fonctionner au mieux, \u00e0 des prix bien inf\u00e9rieurs \u00e0 ceux du march\u00e9. Investissez intelligemment et avec qualit\u00e9\u00a0!<\/p>\n<\/div><\/section><\/p><\/div><\/div><!--close column table wrapper. Autoclose: 1 --><div id='av-masonry-1' class='av-masonry av-6llrp-c579fdd183f532c9e0fdac9e73415f31 noHover av-fixed-size av-1px-gap av-hover-overlay-fade_out av-masonry-animation-active av-masonry-col-5 av-caption-always av-caption-style- av-masonry-entries ' data-post_id=\"1612\"><div class=\"av-masonry-container isotope av-js-disabled\"><div class='av-masonry-entry isotope-item av-masonry-item-no-image all_sort chance_sort '><\/div><a href=\"https:\/\/hatapress.com\/fr\/producto\/plancha-neumatica-doble-plato-de-ocasion\/\"  id='av-masonry-1-item-5242' data-av-masonry-item='5242' class='av-masonry-entry isotope-item post-5242 portfolio type-portfolio status-publish has-post-thumbnail hentry portfolio_entries-chance all_sort chance_sort  av-masonry-item-with-image' title=\"WhatsApp Image 2025-10-30 at 16.14.01\"   itemscope=\"itemscope\" itemtype=\"https:\/\/schema.org\/CreativeWork\" ><div class='av-inner-masonry-sizer'><\/div><figure class='av-inner-masonry main_color'><div class=\"av-masonry-outerimage-container\"><div class='av-masonry-image-container' style=\"background-image: url(https:\/\/hatapress.com\/wp-content\/uploads\/2025\/05\/WhatsApp-Image-2025-10-30-at-16.14.01-705x529.jpeg);\"  title=\"WhatsApp Image 2025-10-30 at 16.14.01\" ><\/div><\/div><figcaption class='av-inner-masonry-content site-background'><div class='av-inner-masonry-content-pos'><div class='av-inner-masonry-content-pos-content'><div class='avia-arrow'><\/div><h3 class='av-masonry-entry-title entry-title '  itemprop=\"headline\" >Presse pneumatique FPM120 \u2013 Double Plateau 100\u00d7120 cm<\/h3><\/div><\/div><\/figcaption><\/figure><\/a><!--end av-masonry entry--><\/div><\/div><\/p>\n\n<style type=\"text\/css\" data-created_by=\"avia_inline_auto\" id=\"style-css-av-zpza5-73141513aaeea7cf1dca8ab2cb3aa751\">\n.avia-section.av-zpza5-73141513aaeea7cf1dca8ab2cb3aa751{\nbackground-color:#e6eef3;\nbackground-image:unset;\n}\n<\/style>\n<div id='av_section_3'  class='avia-section av-zpza5-73141513aaeea7cf1dca8ab2cb3aa751 main_color avia-section-default avia-no-border-styling  avia-builder-el-8  el_after_av_masonry_entries  avia-builder-el-last  avia-bg-style-scroll container_wrap fullsize'  ><div class='container av-section-cont-open' ><div class='template-page content  av-content-full alpha units'><div class='post-entry post-entry-type-page post-entry-1612'><div class='entry-content-wrapper clearfix'>\n<div class='flex_column_table av-ptzp1-89ab91d47c81c2c7d4a39ce60b34e4cb sc-av_one_full av-equal-height-column-flextable'>\n<style type=\"text\/css\" data-created_by=\"avia_inline_auto\" id=\"style-css-av-ptzp1-89ab91d47c81c2c7d4a39ce60b34e4cb\">\n.flex_column.av-ptzp1-89ab91d47c81c2c7d4a39ce60b34e4cb{\npadding:0 0 0 0;\n}\n<\/style>\n<div  class='flex_column av-ptzp1-89ab91d47c81c2c7d4a39ce60b34e4cb av_one_full  avia-builder-el-9  avia-builder-el-no-sibling  first flex_column_table_cell av-equal-height-column av-align-middle av-animated-generic left-to-right av-zero-column-padding  '     ><p>\n<style type=\"text\/css\" data-created_by=\"avia_inline_auto\" id=\"style-css-av-np4px-2d0e72c4fc91711b300054eef5d32fcf\">\n#top .av-special-heading.av-np4px-2d0e72c4fc91711b300054eef5d32fcf{\npadding-bottom:10px;\n}\nbody .av-special-heading.av-np4px-2d0e72c4fc91711b300054eef5d32fcf .av-special-heading-tag .heading-char{\nfont-size:25px;\n}\n.av-special-heading.av-np4px-2d0e72c4fc91711b300054eef5d32fcf .av-subheading{\nfont-size:15px;\n}\n<\/style>\n<div  class='av-special-heading av-np4px-2d0e72c4fc91711b300054eef5d32fcf av-special-heading-h2 blockquote modern-quote modern-centered  avia-builder-el-10  el_before_av_textblock  avia-builder-el-first '><h2 class='av-special-heading-tag '  itemprop=\"headline\"  >Vous avez d\u2019autres questions ? Nous sommes l\u00e0 pour vous aider !<\/h2><div class=\"special-heading-border\"><div class=\"special-heading-inner-border\"><\/div><\/div><\/div><br \/>\n<section  class='av_textblock_section av-dl7n1-03fa01a7f2f4cbc1a2a633dbbbcc1dd5 '   itemscope=\"itemscope\" itemtype=\"https:\/\/schema.org\/CreativeWork\" ><div class='avia_textblock av_inherit_color'  itemprop=\"text\" ><p style=\"text-align: center;\" data-start=\"117\" data-end=\"503\">Si vous h\u00e9sitez encore sur le choix des <strong>machines<\/strong> les mieux adapt\u00e9es \u00e0 votre activit\u00e9, pas d&rsquo;inqui\u00e9tude. <strong>Remplissez le formulaire<\/strong> et recevez des <strong>conseils<\/strong> <strong>personnalis\u00e9s<\/strong> de nos experts. Nous vous guiderons dans le choix de l&rsquo;\u00e9quipement id\u00e9al en fonction de votre type de production, de vos mat\u00e9riaux et de votre niveau d&rsquo;automatisation.<\/p>\n<\/div><\/section><br \/>\n<div  class='avia-button-wrap av-a20xp-b5e0344ca7ef8bd3b03a99528dc1dbe4-wrap avia-button-center  avia-builder-el-12  el_after_av_textblock  avia-builder-el-last '><a href='https:\/\/hatapress.com\/fr\/servicios\/#asesoramiento-personalizado'  class='avia-button av-a20xp-b5e0344ca7ef8bd3b03a99528dc1dbe4 av-link-btn avia-icon_select-yes-left-icon avia-size-large avia-position-center avia-color-theme-color'   aria-label=\"Conseil\"><span class='avia_button_icon avia_button_icon_left avia-svg-icon avia-font-svg_entypo-fontello' data-av_svg_icon='right-open' data-av_iconset='svg_entypo-fontello'><svg version=\"1.1\" xmlns=\"http:\/\/www.w3.org\/2000\/svg\" width=\"11\" height=\"32\" viewBox=\"0 0 11 32\" preserveAspectRatio=\"xMidYMid meet\" aria-labelledby='av-svg-title-1' aria-describedby='av-svg-desc-1' role=\"graphics-symbol\">\n<title id='av-svg-title-1'>Right-open<\/title>\n<desc id='av-svg-desc-1'>Right-open<\/desc>\n<path d=\"M3.136 7.168l7.232 7.552q0.512 0.512 0.512 1.28 0 0.704-0.512 1.216l-7.232 7.552q-0.512 0.512-1.28 0.512t-1.28-0.512q-1.152-1.152 0-2.56l5.952-6.208-5.952-6.272q-1.152-1.408 0-2.56 0.512-0.512 1.312-0.512t1.248 0.512z\"><\/path>\n<\/svg><\/span><span class='avia_iconbox_title' >Conseil<\/span><\/a><\/div><\/p><\/div><\/div><!--close column table wrapper. Autoclose: 1 -->\n\n","protected":false},"excerpt":{"rendered":"","protected":false},"author":1,"featured_media":0,"parent":1625,"menu_order":0,"comment_status":"closed","ping_status":"closed","template":"","meta":{"footnotes":""},"class_list":["post-1612","page","type-page","status-publish","hentry"],"yoast_head":"<!-- This site is optimized with the Yoast SEO plugin v27.3 - https:\/\/yoast.com\/product\/yoast-seo-wordpress\/ -->\n<title>Productos en Ocasi\u00f3n | Calidad y Precio en Maquinaria Textil<\/title>\n<meta name=\"description\" content=\"Machines d&#039;impression textile et de d\u00e9coupe laser d&#039;occasion, garanties et \u00e0 un prix imbattable. Profitez de ces offres exceptionnelles\u00a0!\" \/>\n<meta name=\"robots\" content=\"index, follow, max-snippet:-1, max-image-preview:large, max-video-preview:-1\" \/>\n<link rel=\"canonical\" href=\"https:\/\/hatapress.com\/fr\/produits-presses-a-transfert-sublimation-textile-calandres\/promotion\/\" \/>\n<meta property=\"og:locale\" content=\"fr_FR\" \/>\n<meta property=\"og:type\" content=\"article\" \/>\n<meta property=\"og:title\" content=\"Productos en Ocasi\u00f3n | Calidad y Precio en Maquinaria Textil\" \/>\n<meta property=\"og:description\" content=\"Machines d&#039;impression textile et de d\u00e9coupe laser d&#039;occasion, garanties et \u00e0 un prix imbattable. Profitez de ces offres exceptionnelles\u00a0!\" \/>\n<meta property=\"og:url\" content=\"https:\/\/hatapress.com\/fr\/produits-presses-a-transfert-sublimation-textile-calandres\/promotion\/\" \/>\n<meta property=\"og:site_name\" content=\"Hatapress\" \/>\n<meta property=\"article:modified_time\" content=\"2025-06-09T08:01:05+00:00\" \/>\n<meta name=\"twitter:card\" content=\"summary_large_image\" \/>\n<meta name=\"twitter:label1\" content=\"Dur\u00e9e de lecture estim\u00e9e\" \/>\n\t<meta name=\"twitter:data1\" content=\"1 minute\" \/>\n<script type=\"application\/ld+json\" class=\"yoast-schema-graph\">{\"@context\":\"https:\\\/\\\/schema.org\",\"@graph\":[{\"@type\":\"WebPage\",\"@id\":\"https:\\\/\\\/hatapress.com\\\/fr\\\/produits-presses-a-transfert-sublimation-textile-calandres\\\/promotion\\\/\",\"url\":\"https:\\\/\\\/hatapress.com\\\/fr\\\/produits-presses-a-transfert-sublimation-textile-calandres\\\/promotion\\\/\",\"name\":\"Productos en Ocasi\u00f3n | Calidad y Precio en Maquinaria Textil\",\"isPartOf\":{\"@id\":\"https:\\\/\\\/hatapress.com\\\/#website\"},\"datePublished\":\"2025-05-28T14:25:33+00:00\",\"dateModified\":\"2025-06-09T08:01:05+00:00\",\"description\":\"Machines d'impression textile et de d\u00e9coupe laser d'occasion, garanties et \u00e0 un prix imbattable. Profitez de ces offres exceptionnelles\u00a0!\",\"breadcrumb\":{\"@id\":\"https:\\\/\\\/hatapress.com\\\/fr\\\/produits-presses-a-transfert-sublimation-textile-calandres\\\/promotion\\\/#breadcrumb\"},\"inLanguage\":\"fr-FR\",\"potentialAction\":[{\"@type\":\"ReadAction\",\"target\":[\"https:\\\/\\\/hatapress.com\\\/fr\\\/produits-presses-a-transfert-sublimation-textile-calandres\\\/promotion\\\/\"]}]},{\"@type\":\"BreadcrumbList\",\"@id\":\"https:\\\/\\\/hatapress.com\\\/fr\\\/produits-presses-a-transfert-sublimation-textile-calandres\\\/promotion\\\/#breadcrumb\",\"itemListElement\":[{\"@type\":\"ListItem\",\"position\":1,\"name\":\"Portada\",\"item\":\"https:\\\/\\\/hatapress.com\\\/fr\\\/accueil\\\/\"},{\"@type\":\"ListItem\",\"position\":2,\"name\":\"Produits\",\"item\":\"https:\\\/\\\/hatapress.com\\\/fr\\\/produits-presses-a-transfert-sublimation-textile-calandres\\\/\"},{\"@type\":\"ListItem\",\"position\":3,\"name\":\"Promotion\"}]},{\"@type\":\"WebSite\",\"@id\":\"https:\\\/\\\/hatapress.com\\\/#website\",\"url\":\"https:\\\/\\\/hatapress.com\\\/\",\"name\":\"Hatapress\",\"description\":\"\",\"potentialAction\":[{\"@type\":\"SearchAction\",\"target\":{\"@type\":\"EntryPoint\",\"urlTemplate\":\"https:\\\/\\\/hatapress.com\\\/?s={search_term_string}\"},\"query-input\":{\"@type\":\"PropertyValueSpecification\",\"valueRequired\":true,\"valueName\":\"search_term_string\"}}],\"inLanguage\":\"fr-FR\"}]}<\/script>\n<!-- \/ Yoast SEO plugin. -->","yoast_head_json":{"title":"Productos en Ocasi\u00f3n | Calidad y Precio en Maquinaria Textil","description":"Machines d'impression textile et de d\u00e9coupe laser d'occasion, garanties et \u00e0 un prix imbattable. Profitez de ces offres exceptionnelles\u00a0!","robots":{"index":"index","follow":"follow","max-snippet":"max-snippet:-1","max-image-preview":"max-image-preview:large","max-video-preview":"max-video-preview:-1"},"canonical":"https:\/\/hatapress.com\/fr\/produits-presses-a-transfert-sublimation-textile-calandres\/promotion\/","og_locale":"fr_FR","og_type":"article","og_title":"Productos en Ocasi\u00f3n | Calidad y Precio en Maquinaria Textil","og_description":"Machines d'impression textile et de d\u00e9coupe laser d'occasion, garanties et \u00e0 un prix imbattable. Profitez de ces offres exceptionnelles\u00a0!","og_url":"https:\/\/hatapress.com\/fr\/produits-presses-a-transfert-sublimation-textile-calandres\/promotion\/","og_site_name":"Hatapress","article_modified_time":"2025-06-09T08:01:05+00:00","twitter_card":"summary_large_image","twitter_misc":{"Dur\u00e9e de lecture estim\u00e9e":"1 minute"},"schema":{"@context":"https:\/\/schema.org","@graph":[{"@type":"WebPage","@id":"https:\/\/hatapress.com\/fr\/produits-presses-a-transfert-sublimation-textile-calandres\/promotion\/","url":"https:\/\/hatapress.com\/fr\/produits-presses-a-transfert-sublimation-textile-calandres\/promotion\/","name":"Productos en Ocasi\u00f3n | Calidad y Precio en Maquinaria Textil","isPartOf":{"@id":"https:\/\/hatapress.com\/#website"},"datePublished":"2025-05-28T14:25:33+00:00","dateModified":"2025-06-09T08:01:05+00:00","description":"Machines d'impression textile et de d\u00e9coupe laser d'occasion, garanties et \u00e0 un prix imbattable. Profitez de ces offres exceptionnelles\u00a0!","breadcrumb":{"@id":"https:\/\/hatapress.com\/fr\/produits-presses-a-transfert-sublimation-textile-calandres\/promotion\/#breadcrumb"},"inLanguage":"fr-FR","potentialAction":[{"@type":"ReadAction","target":["https:\/\/hatapress.com\/fr\/produits-presses-a-transfert-sublimation-textile-calandres\/promotion\/"]}]},{"@type":"BreadcrumbList","@id":"https:\/\/hatapress.com\/fr\/produits-presses-a-transfert-sublimation-textile-calandres\/promotion\/#breadcrumb","itemListElement":[{"@type":"ListItem","position":1,"name":"Portada","item":"https:\/\/hatapress.com\/fr\/accueil\/"},{"@type":"ListItem","position":2,"name":"Produits","item":"https:\/\/hatapress.com\/fr\/produits-presses-a-transfert-sublimation-textile-calandres\/"},{"@type":"ListItem","position":3,"name":"Promotion"}]},{"@type":"WebSite","@id":"https:\/\/hatapress.com\/#website","url":"https:\/\/hatapress.com\/","name":"Hatapress","description":"","potentialAction":[{"@type":"SearchAction","target":{"@type":"EntryPoint","urlTemplate":"https:\/\/hatapress.com\/?s={search_term_string}"},"query-input":{"@type":"PropertyValueSpecification","valueRequired":true,"valueName":"search_term_string"}}],"inLanguage":"fr-FR"}]}},"_links":{"self":[{"href":"https:\/\/hatapress.com\/fr\/wp-json\/wp\/v2\/pages\/1612","targetHints":{"allow":["GET"]}}],"collection":[{"href":"https:\/\/hatapress.com\/fr\/wp-json\/wp\/v2\/pages"}],"about":[{"href":"https:\/\/hatapress.com\/fr\/wp-json\/wp\/v2\/types\/page"}],"author":[{"embeddable":true,"href":"https:\/\/hatapress.com\/fr\/wp-json\/wp\/v2\/users\/1"}],"replies":[{"embeddable":true,"href":"https:\/\/hatapress.com\/fr\/wp-json\/wp\/v2\/comments?post=1612"}],"version-history":[{"count":0,"href":"https:\/\/hatapress.com\/fr\/wp-json\/wp\/v2\/pages\/1612\/revisions"}],"up":[{"embeddable":true,"href":"https:\/\/hatapress.com\/fr\/wp-json\/wp\/v2\/pages\/1625"}],"wp:attachment":[{"href":"https:\/\/hatapress.com\/fr\/wp-json\/wp\/v2\/media?parent=1612"}],"curies":[{"name":"wp","href":"https:\/\/api.w.org\/{rel}","templated":true}]}}