{"id":1620,"date":"2025-02-24T14:08:58","date_gmt":"2025-02-24T14:08:58","guid":{"rendered":"https:\/\/hatapress.com\/accesorios-y-repuestos\/"},"modified":"2026-03-03T14:43:35","modified_gmt":"2026-03-03T14:43:35","slug":"accessoires-et-pieces-detachees","status":"publish","type":"page","link":"https:\/\/hatapress.com\/fr\/accessoires-et-pieces-detachees\/","title":{"rendered":"Accessoires et pi\u00e8ces d\u00e9tach\u00e9es"},"content":{"rendered":"\n<style type=\"text\/css\" data-created_by=\"avia_inline_auto\" id=\"style-css-av-2asi7-96e1922e4e137e18b83fe41125d44eea\">\n.avia-section.av-2asi7-96e1922e4e137e18b83fe41125d44eea{\nbackground-repeat:no-repeat;\nbackground-image:url(https:\/\/hatapress.com\/wp-content\/uploads\/2025\/03\/bread-bg.jpg);\nbackground-position:50% 100%;\nbackground-attachment:scroll;\n}\n.avia-section.av-2asi7-96e1922e4e137e18b83fe41125d44eea .av-section-color-overlay{\nopacity:0.7;\nbackground-color:#0a0a0a;\n}\n<\/style>\n<div id='av_section_1'  class='avia-section av-2asi7-96e1922e4e137e18b83fe41125d44eea main_color avia-section-default avia-no-border-styling  avia-builder-el-0  el_before_av_section  avia-builder-el-first  avia-full-stretch avia-bg-style-scroll av-section-color-overlay-active av-minimum-height av-minimum-height-35 av-height-percent  container_wrap fullsize'  data-section-bg-repeat='stretch' data-av_minimum_height_pc='35' data-av_min_height_opt='percent'><div class=\"av-section-color-overlay-wrap\"><div class=\"av-section-color-overlay\"><\/div><div class='container av-section-cont-open' ><main  role=\"main\" itemprop=\"mainContentOfPage\"  class='template-page content  av-content-full alpha units'><div class='post-entry post-entry-type-page post-entry-1620'><div class='entry-content-wrapper clearfix'>\n<div  class='flex_column av-1g0sf-a2121534a3c9ced00cff7f5fd33c52c2 av_one_full  avia-builder-el-1  avia-builder-el-no-sibling  first flex_column_div  '     ><style type=\"text\/css\" data-created_by=\"avia_inline_auto\" id=\"style-css-av-m84d17lw-b4fb8d4b73bd655c652ea245645832a2\">\n#top .av-special-heading.av-m84d17lw-b4fb8d4b73bd655c652ea245645832a2{\npadding-bottom:10px;\ncolor:#ffffff;\n}\nbody .av-special-heading.av-m84d17lw-b4fb8d4b73bd655c652ea245645832a2 .av-special-heading-tag .heading-char{\nfont-size:25px;\n}\n.av-special-heading.av-m84d17lw-b4fb8d4b73bd655c652ea245645832a2 .special-heading-inner-border{\nborder-color:#ffffff;\n}\n.av-special-heading.av-m84d17lw-b4fb8d4b73bd655c652ea245645832a2 .av-subheading{\nfont-size:15px;\n}\n<\/style>\n<div  class='av-special-heading av-m84d17lw-b4fb8d4b73bd655c652ea245645832a2 av-special-heading-h1 custom-color-heading blockquote modern-quote modern-centered  avia-builder-el-2  avia-builder-el-no-sibling '><h1 class='av-special-heading-tag '  itemprop=\"headline\"  >Accessoires et pi\u00e8ces d\u00e9tach\u00e9es<\/h1><div class=\"special-heading-border\"><div class=\"special-heading-inner-border\"><\/div><\/div><\/div><\/div>\n\n<\/div><\/div><\/main><!-- close content main element --><\/div><\/div><\/div>\n<style type=\"text\/css\" data-created_by=\"avia_inline_auto\" id=\"style-css-av-z6jf-2ad3cfc183fe8868335f4370e813f42b\">\n.avia-section.av-z6jf-2ad3cfc183fe8868335f4370e813f42b{\nbackground-color:#e6eef3;\nbackground-image:unset;\n}\n<\/style>\n<div id='av_section_2'  class='avia-section av-z6jf-2ad3cfc183fe8868335f4370e813f42b main_color avia-section-default avia-no-border-styling  avia-builder-el-3  el_after_av_section  el_before_av_masonry_entries  avia-bg-style-scroll container_wrap fullsize'  ><div class='container av-section-cont-open' ><div class='template-page content  av-content-full alpha units'><div class='post-entry post-entry-type-page post-entry-1620'><div class='entry-content-wrapper clearfix'>\n<div class='flex_column_table av-m84d1pgu-4828ae3ef711a4db55c78838d4d673e9 sc-av_one_full av-equal-height-column-flextable'>\n<style type=\"text\/css\" data-created_by=\"avia_inline_auto\" id=\"style-css-av-m84d1pgu-4828ae3ef711a4db55c78838d4d673e9\">\n.flex_column.av-m84d1pgu-4828ae3ef711a4db55c78838d4d673e9{\npadding:0 0 0 0;\n}\n<\/style>\n<div  class='flex_column av-m84d1pgu-4828ae3ef711a4db55c78838d4d673e9 av_one_full  avia-builder-el-4  avia-builder-el-no-sibling  first flex_column_table_cell av-equal-height-column av-align-middle av-animated-generic left-to-right av-zero-column-padding  '     ><section  class='av_textblock_section av-m84d1svj-480e772c8d2f13889771e230de14434a '   itemscope=\"itemscope\" itemtype=\"https:\/\/schema.org\/CreativeWork\" ><div class='avia_textblock av_inherit_color'  itemprop=\"text\" ><p style=\"text-align: center;\" data-start=\"117\" data-end=\"503\">Chez Hatapress, nous proposons une large gamme <strong>d&rsquo;accessoires<\/strong> et <strong>de<\/strong> <strong>pi\u00e8ces d\u00e9tach\u00e9es<\/strong> de grande qualit\u00e9 con\u00e7us pour entretenir et optimiser les performances de vos machines d&rsquo;impression textile, de calandrage et de d\u00e9coupe laser. Nous proposons des produits d&rsquo;origine garantissant une durabilit\u00e9 et une fiabilit\u00e9 maximales, garantissant ainsi le fonctionnement continu de vos \u00e9quipements avec l&rsquo;efficacit\u00e9 et la pr\u00e9cision n\u00e9cessaires \u00e0 une production irr\u00e9prochable.<\/p>\n<\/div><\/section><\/div><\/div><!--close column table wrapper. Autoclose: 1 -->\n\n<div id='av-masonry-1' class='av-masonry av-mb81k1d3-b4976030fa5885724f9948854f1bfc3c noHover av-fixed-size av-1px-gap av-hover-overlay-fade_out av-masonry-animation-active av-masonry-col-5 av-caption-always av-caption-style- av-masonry-entries ' data-post_id=\"1620\"><div class=\"av-masonry-container isotope av-js-disabled\"><div class='av-masonry-entry isotope-item av-masonry-item-no-image all_sort accessoires-et-pieces-de-rechange_sort '><\/div><a href=\"https:\/\/hatapress.com\/fr\/producto\/mousses-silicones\/\"  id='av-masonry-1-item-5226' data-av-masonry-item='5226' class='av-masonry-entry isotope-item post-5226 portfolio type-portfolio status-publish has-post-thumbnail hentry portfolio_entries-accessoires-et-pieces-de-rechange all_sort accessoires-et-pieces-de-rechange_sort  av-masonry-item-with-image' title=\"Silicona\"   itemscope=\"itemscope\" itemtype=\"https:\/\/schema.org\/CreativeWork\" ><div class='av-inner-masonry-sizer'><\/div><figure class='av-inner-masonry main_color'><div class=\"av-masonry-outerimage-container\"><div class='av-masonry-image-container' style=\"background-image: url(https:\/\/hatapress.com\/wp-content\/uploads\/2025\/06\/Silicona-705x584.jpg);\"  title=\"Silicona\" ><\/div><\/div><figcaption class='av-inner-masonry-content site-background'><div class='av-inner-masonry-content-pos'><div class='av-inner-masonry-content-pos-content'><div class='avia-arrow'><\/div><h3 class='av-masonry-entry-title entry-title '  itemprop=\"headline\" >Mousses en silicone<\/h3><\/div><\/div><\/figcaption><\/figure><\/a><!--end av-masonry entry--><a href=\"https:\/\/hatapress.com\/fr\/producto\/plateaux-sur-mesures-pour-les-presses-hatapress\/\"  id='av-masonry-1-item-5224' data-av-masonry-item='5224' class='av-masonry-entry isotope-item post-5224 portfolio type-portfolio status-publish has-post-thumbnail hentry portfolio_entries-accessoires-et-pieces-de-rechange all_sort accessoires-et-pieces-de-rechange_sort  av-masonry-item-with-image' title=\"xr:d:DAF0PnlPj2w:2,j:5452016634649263109,t:23111514\"   itemscope=\"itemscope\" itemtype=\"https:\/\/schema.org\/CreativeWork\" ><div class='av-inner-masonry-sizer'><\/div><figure class='av-inner-masonry main_color'><div class=\"av-masonry-outerimage-container\"><div class='av-masonry-image-container' style=\"background-image: url(https:\/\/hatapress.com\/wp-content\/uploads\/2025\/06\/Plato-extra-accesorio-1-617x705.jpg);\"  title=\"xr:d:DAF0PnlPj2w:2,j:5452016634649263109,t:23111514\" ><\/div><\/div><figcaption class='av-inner-masonry-content site-background'><div class='av-inner-masonry-content-pos'><div class='av-inner-masonry-content-pos-content'><div class='avia-arrow'><\/div><h3 class='av-masonry-entry-title entry-title '  itemprop=\"headline\" >Plateaux sur mesure pour les presses Hatapress<\/h3><\/div><\/div><\/figcaption><\/figure><\/a><!--end av-masonry entry--><a href=\"https:\/\/hatapress.com\/fr\/producto\/plateaux-interchangeables-originaux-transmatic\/\"  id='av-masonry-1-item-5221' data-av-masonry-item='5221' class='av-masonry-entry isotope-item post-5221 portfolio type-portfolio status-publish has-post-thumbnail hentry portfolio_entries-accessoires-et-pieces-de-rechange all_sort accessoires-et-pieces-de-rechange_sort  av-masonry-item-with-image' title=\"Platos extra a medida\"   itemscope=\"itemscope\" itemtype=\"https:\/\/schema.org\/CreativeWork\" ><div class='av-inner-masonry-sizer'><\/div><figure class='av-inner-masonry main_color'><div class=\"av-masonry-outerimage-container\"><div class='av-masonry-image-container' style=\"background-image: url(https:\/\/hatapress.com\/wp-content\/uploads\/2025\/06\/Platos-extra-a-medida-1.jpg);\"  title=\"Platos extra a medida\" ><\/div><\/div><figcaption class='av-inner-masonry-content site-background'><div class='av-inner-masonry-content-pos'><div class='av-inner-masonry-content-pos-content'><div class='avia-arrow'><\/div><h3 class='av-masonry-entry-title entry-title '  itemprop=\"headline\" >Plateaux interchangeables originaux Transmatic<\/h3><\/div><\/div><\/figcaption><\/figure><\/a><!--end av-masonry entry--><a href=\"https:\/\/hatapress.com\/fr\/producto\/feutres-sur-mesures-pour-calandres\/\"  id='av-masonry-1-item-5219' data-av-masonry-item='5219' class='av-masonry-entry isotope-item post-5219 portfolio type-portfolio status-publish has-post-thumbnail hentry portfolio_entries-accessoires-et-pieces-de-rechange all_sort accessoires-et-pieces-de-rechange_sort  av-masonry-item-with-image' title=\"Tapete para calandra\"   itemscope=\"itemscope\" itemtype=\"https:\/\/schema.org\/CreativeWork\" ><div class='av-inner-masonry-sizer'><\/div><figure class='av-inner-masonry main_color'><div class=\"av-masonry-outerimage-container\"><div class='av-masonry-image-container' style=\"background-image: url(https:\/\/hatapress.com\/wp-content\/uploads\/2025\/06\/Tapete-para-calandra.jpg);\"  title=\"Tapete para calandra\" ><\/div><\/div><figcaption class='av-inner-masonry-content site-background'><div class='av-inner-masonry-content-pos'><div class='av-inner-masonry-content-pos-content'><div class='avia-arrow'><\/div><h3 class='av-masonry-entry-title entry-title '  itemprop=\"headline\" >Feutres sur mesures pour calandres<\/h3><\/div><\/div><\/figcaption><\/figure><\/a><!--end av-masonry entry--><a href=\"https:\/\/hatapress.com\/fr\/producto\/bobines-de-film-dtf\/\"  id='av-masonry-1-item-5217' data-av-masonry-item='5217' class='av-masonry-entry isotope-item post-5217 portfolio type-portfolio status-publish has-post-thumbnail hentry portfolio_entries-accessoires-et-pieces-de-rechange all_sort accessoires-et-pieces-de-rechange_sort  av-masonry-item-with-image' title=\"film-dtf\"   itemscope=\"itemscope\" itemtype=\"https:\/\/schema.org\/CreativeWork\" ><div class='av-inner-masonry-sizer'><\/div><figure class='av-inner-masonry main_color'><div class=\"av-masonry-outerimage-container\"><div class='av-masonry-image-container' style=\"background-image: url(https:\/\/hatapress.com\/wp-content\/uploads\/2025\/06\/film-dtf-545x705.png);\"  title=\"film-dtf\" ><\/div><\/div><figcaption class='av-inner-masonry-content site-background'><div class='av-inner-masonry-content-pos'><div class='av-inner-masonry-content-pos-content'><div class='avia-arrow'><\/div><h3 class='av-masonry-entry-title entry-title '  itemprop=\"headline\" >Bobines de Film DTF<\/h3><\/div><\/div><\/figcaption><\/figure><\/a><!--end av-masonry entry--><a href=\"https:\/\/hatapress.com\/fr\/producto\/feuilles-de-teflon-pour-presses-thermiques\/\"  id='av-masonry-1-item-5215' data-av-masonry-item='5215' class='av-masonry-entry isotope-item post-5215 portfolio type-portfolio status-publish has-post-thumbnail hentry portfolio_entries-accessoires-et-pieces-de-rechange all_sort accessoires-et-pieces-de-rechange_sort  av-masonry-item-with-image' title=\"hoja teflon\"   itemscope=\"itemscope\" itemtype=\"https:\/\/schema.org\/CreativeWork\" ><div class='av-inner-masonry-sizer'><\/div><figure class='av-inner-masonry main_color'><div class=\"av-masonry-outerimage-container\"><div class='av-masonry-image-container' style=\"background-image: url(https:\/\/hatapress.com\/wp-content\/uploads\/2025\/06\/hoja-teflon-705x705.jpg);\"  title=\"hoja teflon\" ><\/div><\/div><figcaption class='av-inner-masonry-content site-background'><div class='av-inner-masonry-content-pos'><div class='av-inner-masonry-content-pos-content'><div class='avia-arrow'><\/div><h3 class='av-masonry-entry-title entry-title '  itemprop=\"headline\" >Feuilles de t\u00e9flon pour presses thermiques<\/h3><\/div><\/div><\/figcaption><\/figure><\/a><!--end av-masonry entry--><a href=\"https:\/\/hatapress.com\/fr\/producto\/pointeurs-laser-de-positionnement\/\"  id='av-masonry-1-item-5213' data-av-masonry-item='5213' class='av-masonry-entry isotope-item post-5213 portfolio type-portfolio status-publish has-post-thumbnail hentry portfolio_entries-accessoires-et-pieces-de-rechange all_sort accessoires-et-pieces-de-rechange_sort  av-masonry-item-with-image' title=\"WhatsApp Image 2026-02-16 at 08.56.46\"   itemscope=\"itemscope\" itemtype=\"https:\/\/schema.org\/CreativeWork\" ><div class='av-inner-masonry-sizer'><\/div><figure class='av-inner-masonry main_color'><div class=\"av-masonry-outerimage-container\"><div class='av-masonry-image-container' style=\"background-image: url(https:\/\/hatapress.com\/wp-content\/uploads\/2025\/06\/WhatsApp-Image-2026-02-16-at-08.56.46-531x705.jpeg);\"  title=\"WhatsApp Image 2026-02-16 at 08.56.46\" ><\/div><\/div><figcaption class='av-inner-masonry-content site-background'><div class='av-inner-masonry-content-pos'><div class='av-inner-masonry-content-pos-content'><div class='avia-arrow'><\/div><h3 class='av-masonry-entry-title entry-title '  itemprop=\"headline\" >Pointeurs laser pour le positionnement<\/h3><\/div><\/div><\/figcaption><\/figure><\/a><!--end av-masonry entry--><a href=\"https:\/\/hatapress.com\/fr\/producto\/nomex-pour-proteger-les-plateaux\/\"  id='av-masonry-1-item-5211' data-av-masonry-item='5211' class='av-masonry-entry isotope-item post-5211 portfolio type-portfolio status-publish has-post-thumbnail hentry portfolio_entries-accessoires-et-pieces-de-rechange all_sort accessoires-et-pieces-de-rechange_sort  av-masonry-item-with-image' title=\"Funda nomex Transmatic\"   itemscope=\"itemscope\" itemtype=\"https:\/\/schema.org\/CreativeWork\" ><div class='av-inner-masonry-sizer'><\/div><figure class='av-inner-masonry main_color'><div class=\"av-masonry-outerimage-container\"><div class='av-masonry-image-container' style=\"background-image: url(https:\/\/hatapress.com\/wp-content\/uploads\/2025\/06\/Funda-nomex-Transmatic.png);\"  title=\"Funda nomex Transmatic\" ><\/div><\/div><figcaption class='av-inner-masonry-content site-background'><div class='av-inner-masonry-content-pos'><div class='av-inner-masonry-content-pos-content'><div class='avia-arrow'><\/div><h3 class='av-masonry-entry-title entry-title '  itemprop=\"headline\" >Nomex pour prot\u00e9ger les plateaux de vos presses<\/h3><\/div><\/div><\/figcaption><\/figure><\/a><!--end av-masonry entry--><a href=\"https:\/\/hatapress.com\/fr\/producto\/papier-protecteurs-kraft-de-20g-pour-les-calandres\/\"  id='av-masonry-1-item-5208' data-av-masonry-item='5208' class='av-masonry-entry isotope-item post-5208 portfolio type-portfolio status-publish has-post-thumbnail hentry portfolio_entries-accessoires-et-pieces-de-rechange all_sort accessoires-et-pieces-de-rechange_sort  av-masonry-item-with-image' title=\"papel proteccion calandra\"   itemscope=\"itemscope\" itemtype=\"https:\/\/schema.org\/CreativeWork\" ><div class='av-inner-masonry-sizer'><\/div><figure class='av-inner-masonry main_color'><div class=\"av-masonry-outerimage-container\"><div class='av-masonry-image-container' style=\"background-image: url(https:\/\/hatapress.com\/wp-content\/uploads\/2025\/06\/papel-proteccion-calandra.jpg);\"  title=\"papel proteccion calandra\" ><\/div><\/div><figcaption class='av-inner-masonry-content site-background'><div class='av-inner-masonry-content-pos'><div class='av-inner-masonry-content-pos-content'><div class='avia-arrow'><\/div><h3 class='av-masonry-entry-title entry-title '  itemprop=\"headline\" >Papier protecteur Kraft de 20g pour les calandres<\/h3><\/div><\/div><\/figcaption><\/figure><\/a><!--end av-masonry entry--><a href=\"https:\/\/hatapress.com\/fr\/producto\/resistances-pour-les-presses-pour-mug\/\"  id='av-masonry-1-item-5206' data-av-masonry-item='5206' class='av-masonry-entry isotope-item post-5206 portfolio type-portfolio status-publish has-post-thumbnail hentry portfolio_entries-accessoires-et-pieces-de-rechange all_sort accessoires-et-pieces-de-rechange_sort  av-masonry-item-with-image' title=\"PLANCHA TAZAS CON MOLDES (1)\"   itemscope=\"itemscope\" itemtype=\"https:\/\/schema.org\/CreativeWork\" ><div class='av-inner-masonry-sizer'><\/div><figure class='av-inner-masonry main_color'><div class=\"av-masonry-outerimage-container\"><div class='av-masonry-image-container' style=\"background-image: url(https:\/\/hatapress.com\/wp-content\/uploads\/2025\/06\/PLANCHA-TAZAS-CON-MOLDES-1-705x265.png);\"  title=\"PLANCHA TAZAS CON MOLDES (1)\" ><\/div><\/div><figcaption class='av-inner-masonry-content site-background'><div class='av-inner-masonry-content-pos'><div class='av-inner-masonry-content-pos-content'><div class='avia-arrow'><\/div><h3 class='av-masonry-entry-title entry-title '  itemprop=\"headline\" >R\u00e9sistances pour les presses pour tasses et gourdes Hatapress<\/h3><\/div><\/div><\/figcaption><\/figure><\/a><!--end av-masonry entry--><\/div><\/div>\n","protected":false},"excerpt":{"rendered":"","protected":false},"author":1,"featured_media":0,"parent":0,"menu_order":0,"comment_status":"closed","ping_status":"closed","template":"","meta":{"footnotes":""},"class_list":["post-1620","page","type-page","status-publish","hentry"],"yoast_head":"<!-- This site is optimized with the Yoast SEO plugin v27.3 - https:\/\/yoast.com\/product\/yoast-seo-wordpress\/ -->\n<title>Accessoires et pi\u00e8ces d\u00e9tach\u00e9es - Hatapress<\/title>\n<meta name=\"description\" content=\"Trouvez des pi\u00e8ces d\u00e9tach\u00e9es et des accessoires de grande qualit\u00e9 pour vos machines. Assurez-vous des performances et une durabilit\u00e9.\" \/>\n<meta name=\"robots\" content=\"index, follow, max-snippet:-1, max-image-preview:large, max-video-preview:-1\" \/>\n<link rel=\"canonical\" href=\"https:\/\/hatapress.com\/fr\/accessoires-et-pieces-detachees\/\" \/>\n<meta property=\"og:locale\" content=\"fr_FR\" \/>\n<meta property=\"og:type\" content=\"article\" \/>\n<meta property=\"og:title\" content=\"Accessoires et pi\u00e8ces d\u00e9tach\u00e9es - Hatapress\" \/>\n<meta property=\"og:description\" content=\"Trouvez des pi\u00e8ces d\u00e9tach\u00e9es et des accessoires de grande qualit\u00e9 pour vos machines. Assurez-vous des performances et une durabilit\u00e9.\" \/>\n<meta property=\"og:url\" content=\"https:\/\/hatapress.com\/fr\/accessoires-et-pieces-detachees\/\" \/>\n<meta property=\"og:site_name\" content=\"Hatapress\" \/>\n<meta property=\"article:modified_time\" content=\"2026-03-03T14:43:35+00:00\" \/>\n<meta name=\"twitter:card\" content=\"summary_large_image\" \/>\n<meta name=\"twitter:label1\" content=\"Dur\u00e9e de lecture estim\u00e9e\" \/>\n\t<meta name=\"twitter:data1\" content=\"4 minutes\" \/>\n<script type=\"application\/ld+json\" class=\"yoast-schema-graph\">{\"@context\":\"https:\\\/\\\/schema.org\",\"@graph\":[{\"@type\":\"WebPage\",\"@id\":\"https:\\\/\\\/hatapress.com\\\/fr\\\/accessoires-et-pieces-detachees\\\/\",\"url\":\"https:\\\/\\\/hatapress.com\\\/fr\\\/accessoires-et-pieces-detachees\\\/\",\"name\":\"Accessoires et pi\u00e8ces d\u00e9tach\u00e9es - Hatapress\",\"isPartOf\":{\"@id\":\"https:\\\/\\\/hatapress.com\\\/#website\"},\"datePublished\":\"2025-02-24T14:08:58+00:00\",\"dateModified\":\"2026-03-03T14:43:35+00:00\",\"description\":\"Trouvez des pi\u00e8ces d\u00e9tach\u00e9es et des accessoires de grande qualit\u00e9 pour vos machines. Assurez-vous des performances et une durabilit\u00e9.\",\"breadcrumb\":{\"@id\":\"https:\\\/\\\/hatapress.com\\\/fr\\\/accessoires-et-pieces-detachees\\\/#breadcrumb\"},\"inLanguage\":\"fr-FR\",\"potentialAction\":[{\"@type\":\"ReadAction\",\"target\":[\"https:\\\/\\\/hatapress.com\\\/fr\\\/accessoires-et-pieces-detachees\\\/\"]}]},{\"@type\":\"BreadcrumbList\",\"@id\":\"https:\\\/\\\/hatapress.com\\\/fr\\\/accessoires-et-pieces-detachees\\\/#breadcrumb\",\"itemListElement\":[{\"@type\":\"ListItem\",\"position\":1,\"name\":\"Portada\",\"item\":\"https:\\\/\\\/hatapress.com\\\/fr\\\/accueil\\\/\"},{\"@type\":\"ListItem\",\"position\":2,\"name\":\"Accessoires et pi\u00e8ces d\u00e9tach\u00e9es\"}]},{\"@type\":\"WebSite\",\"@id\":\"https:\\\/\\\/hatapress.com\\\/#website\",\"url\":\"https:\\\/\\\/hatapress.com\\\/\",\"name\":\"Hatapress\",\"description\":\"\",\"potentialAction\":[{\"@type\":\"SearchAction\",\"target\":{\"@type\":\"EntryPoint\",\"urlTemplate\":\"https:\\\/\\\/hatapress.com\\\/?s={search_term_string}\"},\"query-input\":{\"@type\":\"PropertyValueSpecification\",\"valueRequired\":true,\"valueName\":\"search_term_string\"}}],\"inLanguage\":\"fr-FR\"}]}<\/script>\n<!-- \/ Yoast SEO plugin. -->","yoast_head_json":{"title":"Accessoires et pi\u00e8ces d\u00e9tach\u00e9es - Hatapress","description":"Trouvez des pi\u00e8ces d\u00e9tach\u00e9es et des accessoires de grande qualit\u00e9 pour vos machines. Assurez-vous des performances et une durabilit\u00e9.","robots":{"index":"index","follow":"follow","max-snippet":"max-snippet:-1","max-image-preview":"max-image-preview:large","max-video-preview":"max-video-preview:-1"},"canonical":"https:\/\/hatapress.com\/fr\/accessoires-et-pieces-detachees\/","og_locale":"fr_FR","og_type":"article","og_title":"Accessoires et pi\u00e8ces d\u00e9tach\u00e9es - Hatapress","og_description":"Trouvez des pi\u00e8ces d\u00e9tach\u00e9es et des accessoires de grande qualit\u00e9 pour vos machines. Assurez-vous des performances et une durabilit\u00e9.","og_url":"https:\/\/hatapress.com\/fr\/accessoires-et-pieces-detachees\/","og_site_name":"Hatapress","article_modified_time":"2026-03-03T14:43:35+00:00","twitter_card":"summary_large_image","twitter_misc":{"Dur\u00e9e de lecture estim\u00e9e":"4 minutes"},"schema":{"@context":"https:\/\/schema.org","@graph":[{"@type":"WebPage","@id":"https:\/\/hatapress.com\/fr\/accessoires-et-pieces-detachees\/","url":"https:\/\/hatapress.com\/fr\/accessoires-et-pieces-detachees\/","name":"Accessoires et pi\u00e8ces d\u00e9tach\u00e9es - Hatapress","isPartOf":{"@id":"https:\/\/hatapress.com\/#website"},"datePublished":"2025-02-24T14:08:58+00:00","dateModified":"2026-03-03T14:43:35+00:00","description":"Trouvez des pi\u00e8ces d\u00e9tach\u00e9es et des accessoires de grande qualit\u00e9 pour vos machines. Assurez-vous des performances et une durabilit\u00e9.","breadcrumb":{"@id":"https:\/\/hatapress.com\/fr\/accessoires-et-pieces-detachees\/#breadcrumb"},"inLanguage":"fr-FR","potentialAction":[{"@type":"ReadAction","target":["https:\/\/hatapress.com\/fr\/accessoires-et-pieces-detachees\/"]}]},{"@type":"BreadcrumbList","@id":"https:\/\/hatapress.com\/fr\/accessoires-et-pieces-detachees\/#breadcrumb","itemListElement":[{"@type":"ListItem","position":1,"name":"Portada","item":"https:\/\/hatapress.com\/fr\/accueil\/"},{"@type":"ListItem","position":2,"name":"Accessoires et pi\u00e8ces d\u00e9tach\u00e9es"}]},{"@type":"WebSite","@id":"https:\/\/hatapress.com\/#website","url":"https:\/\/hatapress.com\/","name":"Hatapress","description":"","potentialAction":[{"@type":"SearchAction","target":{"@type":"EntryPoint","urlTemplate":"https:\/\/hatapress.com\/?s={search_term_string}"},"query-input":{"@type":"PropertyValueSpecification","valueRequired":true,"valueName":"search_term_string"}}],"inLanguage":"fr-FR"}]}},"_links":{"self":[{"href":"https:\/\/hatapress.com\/fr\/wp-json\/wp\/v2\/pages\/1620","targetHints":{"allow":["GET"]}}],"collection":[{"href":"https:\/\/hatapress.com\/fr\/wp-json\/wp\/v2\/pages"}],"about":[{"href":"https:\/\/hatapress.com\/fr\/wp-json\/wp\/v2\/types\/page"}],"author":[{"embeddable":true,"href":"https:\/\/hatapress.com\/fr\/wp-json\/wp\/v2\/users\/1"}],"replies":[{"embeddable":true,"href":"https:\/\/hatapress.com\/fr\/wp-json\/wp\/v2\/comments?post=1620"}],"version-history":[{"count":3,"href":"https:\/\/hatapress.com\/fr\/wp-json\/wp\/v2\/pages\/1620\/revisions"}],"predecessor-version":[{"id":8537,"href":"https:\/\/hatapress.com\/fr\/wp-json\/wp\/v2\/pages\/1620\/revisions\/8537"}],"wp:attachment":[{"href":"https:\/\/hatapress.com\/fr\/wp-json\/wp\/v2\/media?parent=1620"}],"curies":[{"name":"wp","href":"https:\/\/api.w.org\/{rel}","templated":true}]}}