{"id":1622,"date":"2025-02-24T14:08:17","date_gmt":"2025-02-24T14:08:17","guid":{"rendered":"https:\/\/hatapress.com\/blog\/"},"modified":"2025-06-06T12:39:52","modified_gmt":"2025-06-06T12:39:52","slug":"nouvelles","status":"publish","type":"page","link":"https:\/\/hatapress.com\/fr\/nouvelles\/","title":{"rendered":"Nouvelles"},"content":{"rendered":"\n<style type=\"text\/css\" data-created_by=\"avia_inline_auto\" id=\"style-css-av-1hlt3-0b75e103325d5c024add668ab48ebffb\">\n.avia-section.av-1hlt3-0b75e103325d5c024add668ab48ebffb{\nbackground-repeat:no-repeat;\nbackground-image:url(https:\/\/hatapress.com\/wp-content\/uploads\/2025\/03\/bread-bg.jpg);\nbackground-position:50% 100%;\nbackground-attachment:scroll;\n}\n.avia-section.av-1hlt3-0b75e103325d5c024add668ab48ebffb .av-section-color-overlay{\nopacity:0.7;\nbackground-color:#0a0a0a;\n}\n<\/style>\n<div id='av_section_1'  class='avia-section av-1hlt3-0b75e103325d5c024add668ab48ebffb main_color avia-section-default avia-no-border-styling  avia-builder-el-0  el_before_av_section  avia-builder-el-first  avia-full-stretch avia-bg-style-scroll av-section-color-overlay-active av-minimum-height av-minimum-height-35 av-height-percent  container_wrap fullsize'  data-section-bg-repeat='stretch' data-av_minimum_height_pc='35' data-av_min_height_opt='percent'><div class=\"av-section-color-overlay-wrap\"><div class=\"av-section-color-overlay\"><\/div><div class='container av-section-cont-open' ><main  role=\"main\" itemprop=\"mainContentOfPage\"  class='template-page content  av-content-full alpha units'><div class='post-entry post-entry-type-page post-entry-1622'><div class='entry-content-wrapper clearfix'>\n<div  class='flex_column av-12jtz-4cf7e3ffe8a8445a7cb32a9520249f2a av_one_full  avia-builder-el-1  avia-builder-el-no-sibling  first flex_column_div  '     ><style type=\"text\/css\" data-created_by=\"avia_inline_auto\" id=\"style-css-av-m84cmjov-8d74b2451979e542c7c4e2d4d7eb7cc0\">\n#top .av-special-heading.av-m84cmjov-8d74b2451979e542c7c4e2d4d7eb7cc0{\npadding-bottom:10px;\ncolor:#ffffff;\n}\nbody .av-special-heading.av-m84cmjov-8d74b2451979e542c7c4e2d4d7eb7cc0 .av-special-heading-tag .heading-char{\nfont-size:25px;\n}\n.av-special-heading.av-m84cmjov-8d74b2451979e542c7c4e2d4d7eb7cc0 .special-heading-inner-border{\nborder-color:#ffffff;\n}\n.av-special-heading.av-m84cmjov-8d74b2451979e542c7c4e2d4d7eb7cc0 .av-subheading{\nfont-size:15px;\n}\n<\/style>\n<div  class='av-special-heading av-m84cmjov-8d74b2451979e542c7c4e2d4d7eb7cc0 av-special-heading-h1 custom-color-heading blockquote modern-quote modern-centered  avia-builder-el-2  avia-builder-el-no-sibling '><h1 class='av-special-heading-tag '  itemprop=\"headline\"  >Nouvelles<\/h1><div class=\"special-heading-border\"><div class=\"special-heading-inner-border\"><\/div><\/div><\/div><\/div><\/div><\/div><\/main><!-- close content main element --><\/div><\/div><\/div><div id='av_section_2'  class='avia-section av-65uz-69375761569ac5f249ee0c291bcf0658 main_color avia-section-default avia-no-border-styling  avia-builder-el-3  el_after_av_section  avia-builder-el-last  avia-bg-style-scroll container_wrap fullsize'  ><div class='container av-section-cont-open' ><div class='template-page content  av-content-full alpha units'><div class='post-entry post-entry-type-page post-entry-1622'><div class='entry-content-wrapper clearfix'>\n<div  class='flex_column av-10843-b240777fd6709a6d09d2e4428205165f av_one_half  avia-builder-el-4  el_before_av_one_half  avia-builder-el-first  first flex_column_div  '     ><\/div><div  class='flex_column av-q2oj-446c8382b478b93b11586f6b3e5b0ea7 av_one_half  avia-builder-el-6  el_after_av_one_half  avia-builder-el-last  flex_column_div  '     ><\/div>\n<\/p>\n","protected":false},"excerpt":{"rendered":"","protected":false},"author":1,"featured_media":0,"parent":0,"menu_order":0,"comment_status":"closed","ping_status":"closed","template":"","meta":{"footnotes":""},"class_list":["post-1622","page","type-page","status-publish","hentry"],"yoast_head":"<!-- This site is optimized with the Yoast SEO plugin v27.3 - https:\/\/yoast.com\/product\/yoast-seo-wordpress\/ -->\n<title>Nouvelles - Hatapress<\/title>\n<meta name=\"description\" content=\"D\u00e9couvrez les derni\u00e8res actualit\u00e9s, astuces et tendances en mati\u00e8re d&#039;impression textile, de d\u00e9coupe laser et de sublimation sur le blog Hatapress.\" \/>\n<meta name=\"robots\" content=\"index, follow, max-snippet:-1, max-image-preview:large, max-video-preview:-1\" \/>\n<link rel=\"canonical\" href=\"https:\/\/hatapress.com\/fr\/nouvelles\/\" \/>\n<meta property=\"og:locale\" content=\"fr_FR\" \/>\n<meta property=\"og:type\" content=\"article\" \/>\n<meta property=\"og:title\" content=\"Nouvelles - Hatapress\" \/>\n<meta property=\"og:description\" content=\"D\u00e9couvrez les derni\u00e8res actualit\u00e9s, astuces et tendances en mati\u00e8re d&#039;impression textile, de d\u00e9coupe laser et de sublimation sur le blog Hatapress.\" \/>\n<meta property=\"og:url\" content=\"https:\/\/hatapress.com\/fr\/nouvelles\/\" \/>\n<meta property=\"og:site_name\" content=\"Hatapress\" \/>\n<meta property=\"article:modified_time\" content=\"2025-06-06T12:39:52+00:00\" \/>\n<meta name=\"twitter:card\" content=\"summary_large_image\" \/>\n<meta name=\"twitter:label1\" content=\"Dur\u00e9e de lecture estim\u00e9e\" \/>\n\t<meta name=\"twitter:data1\" content=\"1 minute\" \/>\n<script type=\"application\/ld+json\" class=\"yoast-schema-graph\">{\"@context\":\"https:\\\/\\\/schema.org\",\"@graph\":[{\"@type\":\"WebPage\",\"@id\":\"https:\\\/\\\/hatapress.com\\\/fr\\\/nouvelles\\\/\",\"url\":\"https:\\\/\\\/hatapress.com\\\/fr\\\/nouvelles\\\/\",\"name\":\"Nouvelles - Hatapress\",\"isPartOf\":{\"@id\":\"https:\\\/\\\/hatapress.com\\\/#website\"},\"datePublished\":\"2025-02-24T14:08:17+00:00\",\"dateModified\":\"2025-06-06T12:39:52+00:00\",\"description\":\"D\u00e9couvrez les derni\u00e8res actualit\u00e9s, astuces et tendances en mati\u00e8re d'impression textile, de d\u00e9coupe laser et de sublimation sur le blog Hatapress.\",\"breadcrumb\":{\"@id\":\"https:\\\/\\\/hatapress.com\\\/fr\\\/nouvelles\\\/#breadcrumb\"},\"inLanguage\":\"fr-FR\",\"potentialAction\":[{\"@type\":\"ReadAction\",\"target\":[\"https:\\\/\\\/hatapress.com\\\/fr\\\/nouvelles\\\/\"]}]},{\"@type\":\"BreadcrumbList\",\"@id\":\"https:\\\/\\\/hatapress.com\\\/fr\\\/nouvelles\\\/#breadcrumb\",\"itemListElement\":[{\"@type\":\"ListItem\",\"position\":1,\"name\":\"Portada\",\"item\":\"https:\\\/\\\/hatapress.com\\\/fr\\\/accueil\\\/\"},{\"@type\":\"ListItem\",\"position\":2,\"name\":\"Nouvelles\"}]},{\"@type\":\"WebSite\",\"@id\":\"https:\\\/\\\/hatapress.com\\\/#website\",\"url\":\"https:\\\/\\\/hatapress.com\\\/\",\"name\":\"Hatapress\",\"description\":\"\",\"potentialAction\":[{\"@type\":\"SearchAction\",\"target\":{\"@type\":\"EntryPoint\",\"urlTemplate\":\"https:\\\/\\\/hatapress.com\\\/?s={search_term_string}\"},\"query-input\":{\"@type\":\"PropertyValueSpecification\",\"valueRequired\":true,\"valueName\":\"search_term_string\"}}],\"inLanguage\":\"fr-FR\"}]}<\/script>\n<!-- \/ Yoast SEO plugin. -->","yoast_head_json":{"title":"Nouvelles - Hatapress","description":"D\u00e9couvrez les derni\u00e8res actualit\u00e9s, astuces et tendances en mati\u00e8re d'impression textile, de d\u00e9coupe laser et de sublimation sur le blog Hatapress.","robots":{"index":"index","follow":"follow","max-snippet":"max-snippet:-1","max-image-preview":"max-image-preview:large","max-video-preview":"max-video-preview:-1"},"canonical":"https:\/\/hatapress.com\/fr\/nouvelles\/","og_locale":"fr_FR","og_type":"article","og_title":"Nouvelles - Hatapress","og_description":"D\u00e9couvrez les derni\u00e8res actualit\u00e9s, astuces et tendances en mati\u00e8re d'impression textile, de d\u00e9coupe laser et de sublimation sur le blog Hatapress.","og_url":"https:\/\/hatapress.com\/fr\/nouvelles\/","og_site_name":"Hatapress","article_modified_time":"2025-06-06T12:39:52+00:00","twitter_card":"summary_large_image","twitter_misc":{"Dur\u00e9e de lecture estim\u00e9e":"1 minute"},"schema":{"@context":"https:\/\/schema.org","@graph":[{"@type":"WebPage","@id":"https:\/\/hatapress.com\/fr\/nouvelles\/","url":"https:\/\/hatapress.com\/fr\/nouvelles\/","name":"Nouvelles - Hatapress","isPartOf":{"@id":"https:\/\/hatapress.com\/#website"},"datePublished":"2025-02-24T14:08:17+00:00","dateModified":"2025-06-06T12:39:52+00:00","description":"D\u00e9couvrez les derni\u00e8res actualit\u00e9s, astuces et tendances en mati\u00e8re d'impression textile, de d\u00e9coupe laser et de sublimation sur le blog Hatapress.","breadcrumb":{"@id":"https:\/\/hatapress.com\/fr\/nouvelles\/#breadcrumb"},"inLanguage":"fr-FR","potentialAction":[{"@type":"ReadAction","target":["https:\/\/hatapress.com\/fr\/nouvelles\/"]}]},{"@type":"BreadcrumbList","@id":"https:\/\/hatapress.com\/fr\/nouvelles\/#breadcrumb","itemListElement":[{"@type":"ListItem","position":1,"name":"Portada","item":"https:\/\/hatapress.com\/fr\/accueil\/"},{"@type":"ListItem","position":2,"name":"Nouvelles"}]},{"@type":"WebSite","@id":"https:\/\/hatapress.com\/#website","url":"https:\/\/hatapress.com\/","name":"Hatapress","description":"","potentialAction":[{"@type":"SearchAction","target":{"@type":"EntryPoint","urlTemplate":"https:\/\/hatapress.com\/?s={search_term_string}"},"query-input":{"@type":"PropertyValueSpecification","valueRequired":true,"valueName":"search_term_string"}}],"inLanguage":"fr-FR"}]}},"_links":{"self":[{"href":"https:\/\/hatapress.com\/fr\/wp-json\/wp\/v2\/pages\/1622","targetHints":{"allow":["GET"]}}],"collection":[{"href":"https:\/\/hatapress.com\/fr\/wp-json\/wp\/v2\/pages"}],"about":[{"href":"https:\/\/hatapress.com\/fr\/wp-json\/wp\/v2\/types\/page"}],"author":[{"embeddable":true,"href":"https:\/\/hatapress.com\/fr\/wp-json\/wp\/v2\/users\/1"}],"replies":[{"embeddable":true,"href":"https:\/\/hatapress.com\/fr\/wp-json\/wp\/v2\/comments?post=1622"}],"version-history":[{"count":0,"href":"https:\/\/hatapress.com\/fr\/wp-json\/wp\/v2\/pages\/1622\/revisions"}],"wp:attachment":[{"href":"https:\/\/hatapress.com\/fr\/wp-json\/wp\/v2\/media?parent=1622"}],"curies":[{"name":"wp","href":"https:\/\/api.w.org\/{rel}","templated":true}]}}