{"id":1628,"date":"2025-02-24T14:05:58","date_gmt":"2025-02-24T14:05:58","guid":{"rendered":"https:\/\/hatapress.com\/sectores\/"},"modified":"2025-06-06T10:49:00","modified_gmt":"2025-06-06T10:49:00","slug":"secteurs","status":"publish","type":"page","link":"https:\/\/hatapress.com\/fr\/secteurs\/","title":{"rendered":"Secteurs"},"content":{"rendered":"\n<style type=\"text\/css\" data-created_by=\"avia_inline_auto\" id=\"style-css-av-1zau7-2d984ec5dbb5182132e7885b7652ea1f\">\n.avia-section.av-1zau7-2d984ec5dbb5182132e7885b7652ea1f{\nbackground-repeat:no-repeat;\nbackground-image:url(https:\/\/hatapress.com\/wp-content\/uploads\/2025\/03\/bread-bg.jpg);\nbackground-position:50% 100%;\nbackground-attachment:scroll;\n}\n.avia-section.av-1zau7-2d984ec5dbb5182132e7885b7652ea1f .av-section-color-overlay{\nopacity:0.7;\nbackground-color:#0a0a0a;\n}\n<\/style>\n<div id='av_section_1'  class='avia-section av-1zau7-2d984ec5dbb5182132e7885b7652ea1f main_color avia-section-default avia-no-border-styling  avia-builder-el-0  el_before_av_section  avia-builder-el-first  avia-full-stretch avia-bg-style-scroll av-section-color-overlay-active av-minimum-height av-minimum-height-35 av-height-percent  container_wrap fullsize'  data-section-bg-repeat='stretch' data-av_minimum_height_pc='35' data-av_min_height_opt='percent'><div class=\"av-section-color-overlay-wrap\"><div class=\"av-section-color-overlay\"><\/div><div class='container av-section-cont-open' ><main  role=\"main\" itemprop=\"mainContentOfPage\"  class='template-page content  av-content-full alpha units'><div class='post-entry post-entry-type-page post-entry-1628'><div class='entry-content-wrapper clearfix'>\n<div  class='flex_column av-1c2q7-fc2ae62f2949034441d5d813e7a25f5a av_one_full  avia-builder-el-1  avia-builder-el-no-sibling  first flex_column_div  '     ><style type=\"text\/css\" data-created_by=\"avia_inline_auto\" id=\"style-css-av-m84btxh2-cf8e5e71d89add4ae8ab4144c8e77bee\">\n#top .av-special-heading.av-m84btxh2-cf8e5e71d89add4ae8ab4144c8e77bee{\npadding-bottom:10px;\ncolor:#ffffff;\n}\nbody .av-special-heading.av-m84btxh2-cf8e5e71d89add4ae8ab4144c8e77bee .av-special-heading-tag .heading-char{\nfont-size:25px;\n}\n.av-special-heading.av-m84btxh2-cf8e5e71d89add4ae8ab4144c8e77bee .special-heading-inner-border{\nborder-color:#ffffff;\n}\n.av-special-heading.av-m84btxh2-cf8e5e71d89add4ae8ab4144c8e77bee .av-subheading{\nfont-size:15px;\n}\n<\/style>\n<div  class='av-special-heading av-m84btxh2-cf8e5e71d89add4ae8ab4144c8e77bee av-special-heading-h1 custom-color-heading blockquote modern-quote modern-centered  avia-builder-el-2  avia-builder-el-no-sibling '><h1 class='av-special-heading-tag '  itemprop=\"headline\"  >Secteurs<\/h1><div class=\"special-heading-border\"><div class=\"special-heading-inner-border\"><\/div><\/div><\/div><\/div><\/div><\/div><\/main><!-- close content main element --><\/div><\/div><\/div>\n<style type=\"text\/css\" data-created_by=\"avia_inline_auto\" id=\"style-css-av-rdwb-a2c0ee0af14347e277df8f54b3ec488b\">\n.avia-section.av-rdwb-a2c0ee0af14347e277df8f54b3ec488b{\nbackground-color:#e6eef3;\nbackground-image:unset;\n}\n<\/style>\n<div id='av_section_2'  class='avia-section av-rdwb-a2c0ee0af14347e277df8f54b3ec488b main_color avia-section-default avia-no-border-styling  avia-builder-el-3  el_after_av_section  el_before_av_masonry_entries  avia-bg-style-scroll container_wrap fullsize'  ><div class='container av-section-cont-open' ><div class='template-page content  av-content-full alpha units'><div class='post-entry post-entry-type-page post-entry-1628'><div class='entry-content-wrapper clearfix'>\n<div class='flex_column_table av-m84bua86-9a925a1a2b6139ee504aaf47f19056fe sc-av_one_full av-equal-height-column-flextable'>\n<style type=\"text\/css\" data-created_by=\"avia_inline_auto\" id=\"style-css-av-m84bua86-9a925a1a2b6139ee504aaf47f19056fe\">\n.flex_column.av-m84bua86-9a925a1a2b6139ee504aaf47f19056fe{\npadding:0 0 0 0;\n}\n<\/style>\n<div  class='flex_column av-m84bua86-9a925a1a2b6139ee504aaf47f19056fe av_one_full  avia-builder-el-4  avia-builder-el-no-sibling  first flex_column_table_cell av-equal-height-column av-align-middle av-animated-generic left-to-right av-zero-column-padding  '     ><section  class='av_textblock_section av-m84bvk4a-65c2906697abb162dd6e2267764fc619 '   itemscope=\"itemscope\" itemtype=\"https:\/\/schema.org\/CreativeWork\" ><div class='avia_textblock av_inherit_color'  itemprop=\"text\" ><p style=\"text-align: center;\" data-start=\"117\" data-end=\"503\">Chez Hatapress, nous proposons des solutions avanc\u00e9es <strong>d&rsquo;impression textile, de sublimation et de d\u00e9coupe laser<\/strong> pour divers secteurs. Notre engagement envers la qualit\u00e9 et l&rsquo;innovation nous permet de r\u00e9pondre aux besoins des industries cl\u00e9s en fournissant des \u00e9quipements performants pour optimiser la production et am\u00e9liorer la rentabilit\u00e9.<\/p>\n<\/div><\/section><\/div><\/div><!--close column table wrapper. Autoclose: 1 --><div id='av-masonry-1' class='av-masonry av-m84bvp4u-abd4b41c67918e2b3e53d12eff2482af noHover av-fixed-size av-1px-gap av-hover-overlay-fade_out av-masonry-animation-active av-masonry-col-4 av-caption-always av-caption-style- av-masonry-entries ' data-post_id=\"1628\"><div class=\"av-masonry-container isotope av-js-disabled\"><div class='av-masonry-entry isotope-item av-masonry-item-no-image all_sort secteurs_sort '><\/div><a href=\"https:\/\/hatapress.com\/fr\/producto\/personnalisation-textile\/\"  id='av-masonry-1-item-1678' data-av-masonry-item='1678' class='av-masonry-entry isotope-item post-1678 portfolio type-portfolio status-publish has-post-thumbnail hentry portfolio_entries-secteurs all_sort secteurs_sort  av-masonry-item-with-image av-grid-img' title=\"Hatapress Equipos de Sublimaci\u00f3n\"   itemscope=\"itemscope\" itemtype=\"https:\/\/schema.org\/CreativeWork\" ><div class='av-inner-masonry-sizer'><\/div><figure class='av-inner-masonry main_color'><div class=\"av-masonry-outerimage-container\"><div class='av-masonry-image-container' style=\"background-image: url(https:\/\/hatapress.com\/wp-content\/uploads\/2025\/02\/TS-5P-TC-705x529.jpg);\"  title=\"Hatapress Equipos de Sublimaci\u00f3n\" ><\/div><\/div><figcaption class='av-inner-masonry-content site-background'><div class='av-inner-masonry-content-pos'><div class='av-inner-masonry-content-pos-content'><div class='avia-arrow'><\/div><h3 class='av-masonry-entry-title entry-title '  itemprop=\"headline\" >Personnalisation textile<\/h3><\/div><\/div><\/figcaption><\/figure><\/a><!--end av-masonry entry--><a href=\"https:\/\/hatapress.com\/fr\/producto\/mode-et-confection\/\"  id='av-masonry-1-item-1676' data-av-masonry-item='1676' class='av-masonry-entry isotope-item post-1676 portfolio type-portfolio status-publish has-post-thumbnail hentry portfolio_entries-secteurs all_sort secteurs_sort  av-masonry-item-with-image av-grid-img' title=\"Hatapress Equipos de Sublimaci\u00f3n\"   itemscope=\"itemscope\" itemtype=\"https:\/\/schema.org\/CreativeWork\" ><div class='av-inner-masonry-sizer'><\/div><figure class='av-inner-masonry main_color'><div class=\"av-masonry-outerimage-container\"><div class='av-masonry-image-container' style=\"background-image: url(https:\/\/hatapress.com\/wp-content\/uploads\/2025\/02\/Carrusel-2DMN4050-6.jpg);\"  title=\"Hatapress Equipos de Sublimaci\u00f3n\" ><\/div><\/div><figcaption class='av-inner-masonry-content site-background'><div class='av-inner-masonry-content-pos'><div class='av-inner-masonry-content-pos-content'><div class='avia-arrow'><\/div><h3 class='av-masonry-entry-title entry-title '  itemprop=\"headline\" >Mode et confection<\/h3><\/div><\/div><\/figcaption><\/figure><\/a><!--end av-masonry entry--><a href=\"https:\/\/hatapress.com\/fr\/producto\/equipement-sportif\/\"  id='av-masonry-1-item-1673' data-av-masonry-item='1673' class='av-masonry-entry isotope-item post-1673 portfolio type-portfolio status-publish has-post-thumbnail hentry portfolio_entries-secteurs all_sort secteurs_sort  av-masonry-item-with-image av-grid-img' title=\"Hatapress Equipos de Sublimaci\u00f3n\"   itemscope=\"itemscope\" itemtype=\"https:\/\/schema.org\/CreativeWork\" ><div class='av-inner-masonry-sizer'><\/div><figure class='av-inner-masonry main_color'><div class=\"av-masonry-outerimage-container\"><div class='av-masonry-image-container' style=\"background-image: url(https:\/\/hatapress.com\/wp-content\/uploads\/2025\/06\/Laser-HT180CO2-frente-puerta-abierta-705x529.png);\"  title=\"Hatapress Equipos de Sublimaci\u00f3n\" ><\/div><\/div><figcaption class='av-inner-masonry-content site-background'><div class='av-inner-masonry-content-pos'><div class='av-inner-masonry-content-pos-content'><div class='avia-arrow'><\/div><h3 class='av-masonry-entry-title entry-title '  itemprop=\"headline\" >\u00c9quipement sportif<\/h3><\/div><\/div><\/figcaption><\/figure><\/a><!--end av-masonry entry--><a href=\"https:\/\/hatapress.com\/fr\/producto\/uniformes-professionnels\/\"  id='av-masonry-1-item-1670' data-av-masonry-item='1670' class='av-masonry-entry isotope-item post-1670 portfolio type-portfolio status-publish has-post-thumbnail hentry portfolio_entries-secteurs all_sort secteurs_sort  av-masonry-item-with-image av-grid-img' title=\"Hatapress Equipos de Sublimaci\u00f3n\"   itemscope=\"itemscope\" itemtype=\"https:\/\/schema.org\/CreativeWork\" ><div class='av-inner-masonry-sizer'><\/div><figure class='av-inner-masonry main_color'><div class=\"av-masonry-outerimage-container\"><div class='av-masonry-image-container' style=\"background-image: url(https:\/\/hatapress.com\/wp-content\/uploads\/2025\/02\/calandra-7160-705x529.jpg);\"  title=\"Hatapress Equipos de Sublimaci\u00f3n\" ><\/div><\/div><figcaption class='av-inner-masonry-content site-background'><div class='av-inner-masonry-content-pos'><div class='av-inner-masonry-content-pos-content'><div class='avia-arrow'><\/div><h3 class='av-masonry-entry-title entry-title '  itemprop=\"headline\" >Uniformes professionnels<\/h3><\/div><\/div><\/figcaption><\/figure><\/a><!--end av-masonry entry--><a href=\"https:\/\/hatapress.com\/fr\/producto\/publicite-et-merchandising\/\"  id='av-masonry-1-item-1667' data-av-masonry-item='1667' class='av-masonry-entry isotope-item post-1667 portfolio type-portfolio status-publish has-post-thumbnail hentry portfolio_entries-secteurs all_sort secteurs_sort  av-masonry-item-with-image av-grid-img' title=\"Hatapress Equipos de Sublimaci\u00f3n\"   itemscope=\"itemscope\" itemtype=\"https:\/\/schema.org\/CreativeWork\" ><div class='av-inner-masonry-sizer'><\/div><figure class='av-inner-masonry main_color'><div class=\"av-masonry-outerimage-container\"><div class='av-masonry-image-container' style=\"background-image: url(https:\/\/hatapress.com\/wp-content\/uploads\/2025\/02\/mug3en1.jpg);\"  title=\"Hatapress Equipos de Sublimaci\u00f3n\" ><\/div><\/div><figcaption class='av-inner-masonry-content site-background'><div class='av-inner-masonry-content-pos'><div class='av-inner-masonry-content-pos-content'><div class='avia-arrow'><\/div><h3 class='av-masonry-entry-title entry-title '  itemprop=\"headline\" >Publicit\u00e9 et merchandising<\/h3><\/div><\/div><\/figcaption><\/figure><\/a><!--end av-masonry entry--><a href=\"https:\/\/hatapress.com\/fr\/producto\/cadeaux-personnalises\/\"  id='av-masonry-1-item-1665' data-av-masonry-item='1665' class='av-masonry-entry isotope-item post-1665 portfolio type-portfolio status-publish has-post-thumbnail hentry portfolio_entries-secteurs all_sort secteurs_sort  av-masonry-item-with-image av-grid-img' title=\"Hatapress Equipos de Sublimaci\u00f3n\"   itemscope=\"itemscope\" itemtype=\"https:\/\/schema.org\/CreativeWork\" ><div class='av-inner-masonry-sizer'><\/div><figure class='av-inner-masonry main_color'><div class=\"av-masonry-outerimage-container\"><div class='av-masonry-image-container' style=\"background-image: url(https:\/\/hatapress.com\/wp-content\/uploads\/2025\/02\/TMH-28-scaled-1-705x528.jpg);\"  title=\"Hatapress Equipos de Sublimaci\u00f3n\" ><\/div><\/div><figcaption class='av-inner-masonry-content site-background'><div class='av-inner-masonry-content-pos'><div class='av-inner-masonry-content-pos-content'><div class='avia-arrow'><\/div><h3 class='av-masonry-entry-title entry-title '  itemprop=\"headline\" >Cadeaux personnalis\u00e9s<\/h3><\/div><\/div><\/figcaption><\/figure><\/a><!--end av-masonry entry--><a href=\"https:\/\/hatapress.com\/fr\/producto\/industrie-graphique\/\"  id='av-masonry-1-item-1662' data-av-masonry-item='1662' class='av-masonry-entry isotope-item post-1662 portfolio type-portfolio status-publish has-post-thumbnail hentry portfolio_entries-secteurs all_sort secteurs_sort  av-masonry-item-with-image av-grid-img' title=\"Hatapress Equipos de Sublimaci\u00f3n\"   itemscope=\"itemscope\" itemtype=\"https:\/\/schema.org\/CreativeWork\" ><div class='av-inner-masonry-sizer'><\/div><figure class='av-inner-masonry main_color'><div class=\"av-masonry-outerimage-container\"><div class='av-masonry-image-container' style=\"background-image: url(https:\/\/hatapress.com\/wp-content\/uploads\/2025\/02\/industria-grafica-705x529.jpg);\"  title=\"Hatapress Equipos de Sublimaci\u00f3n\" ><\/div><\/div><figcaption class='av-inner-masonry-content site-background'><div class='av-inner-masonry-content-pos'><div class='av-inner-masonry-content-pos-content'><div class='avia-arrow'><\/div><h3 class='av-masonry-entry-title entry-title '  itemprop=\"headline\" >Industrie graphique<\/h3><\/div><\/div><\/figcaption><\/figure><\/a><!--end av-masonry entry--><a href=\"https:\/\/hatapress.com\/fr\/producto\/impression-de-rubans-et-lanieres\/\"  id='av-masonry-1-item-1660' data-av-masonry-item='1660' class='av-masonry-entry isotope-item post-1660 portfolio type-portfolio status-publish has-post-thumbnail hentry portfolio_entries-secteurs all_sort secteurs_sort  av-masonry-item-with-image av-grid-img' title=\"Hatapress Equipos de Sublimaci\u00f3n\"   itemscope=\"itemscope\" itemtype=\"https:\/\/schema.org\/CreativeWork\" ><div class='av-inner-masonry-sizer'><\/div><figure class='av-inner-masonry main_color'><div class=\"av-masonry-outerimage-container\"><div class='av-masonry-image-container' style=\"background-image: url(https:\/\/hatapress.com\/wp-content\/uploads\/2025\/02\/7416-scaled-1-705x529.jpg);\"  title=\"Hatapress Equipos de Sublimaci\u00f3n\" ><\/div><\/div><figcaption class='av-inner-masonry-content site-background'><div class='av-inner-masonry-content-pos'><div class='av-inner-masonry-content-pos-content'><div class='avia-arrow'><\/div><h3 class='av-masonry-entry-title entry-title '  itemprop=\"headline\" >Impression de rubans et lani\u00e8res<\/h3><\/div><\/div><\/figcaption><\/figure><\/a><!--end av-masonry entry--><\/div><\/div><\/p>\n","protected":false},"excerpt":{"rendered":"","protected":false},"author":1,"featured_media":0,"parent":0,"menu_order":0,"comment_status":"closed","ping_status":"closed","template":"","meta":{"footnotes":""},"class_list":["post-1628","page","type-page","status-publish","hentry"],"yoast_head":"<!-- This site is optimized with the Yoast SEO plugin v27.3 - https:\/\/yoast.com\/product\/yoast-seo-wordpress\/ -->\n<title>Secteurs - Hatapress<\/title>\n<meta name=\"description\" content=\"Solutions d&#039;impression textile, de sublimation et de d\u00e9coupe laser pour la mode, la publicit\u00e9, l&#039;industrie et bien plus encore.\" \/>\n<meta name=\"robots\" content=\"index, follow, max-snippet:-1, max-image-preview:large, max-video-preview:-1\" \/>\n<link rel=\"canonical\" href=\"https:\/\/hatapress.com\/fr\/secteurs\/\" \/>\n<meta property=\"og:locale\" content=\"fr_FR\" \/>\n<meta property=\"og:type\" content=\"article\" \/>\n<meta property=\"og:title\" content=\"Secteurs - Hatapress\" \/>\n<meta property=\"og:description\" content=\"Solutions d&#039;impression textile, de sublimation et de d\u00e9coupe laser pour la mode, la publicit\u00e9, l&#039;industrie et bien plus encore.\" \/>\n<meta property=\"og:url\" content=\"https:\/\/hatapress.com\/fr\/secteurs\/\" \/>\n<meta property=\"og:site_name\" content=\"Hatapress\" \/>\n<meta property=\"article:modified_time\" content=\"2025-06-06T10:49:00+00:00\" \/>\n<meta name=\"twitter:card\" content=\"summary_large_image\" \/>\n<meta name=\"twitter:label1\" content=\"Dur\u00e9e de lecture estim\u00e9e\" \/>\n\t<meta name=\"twitter:data1\" content=\"1 minute\" \/>\n<script type=\"application\/ld+json\" class=\"yoast-schema-graph\">{\"@context\":\"https:\\\/\\\/schema.org\",\"@graph\":[{\"@type\":\"WebPage\",\"@id\":\"https:\\\/\\\/hatapress.com\\\/fr\\\/secteurs\\\/\",\"url\":\"https:\\\/\\\/hatapress.com\\\/fr\\\/secteurs\\\/\",\"name\":\"Secteurs - Hatapress\",\"isPartOf\":{\"@id\":\"https:\\\/\\\/hatapress.com\\\/#website\"},\"datePublished\":\"2025-02-24T14:05:58+00:00\",\"dateModified\":\"2025-06-06T10:49:00+00:00\",\"description\":\"Solutions d'impression textile, de sublimation et de d\u00e9coupe laser pour la mode, la publicit\u00e9, l'industrie et bien plus encore.\",\"breadcrumb\":{\"@id\":\"https:\\\/\\\/hatapress.com\\\/fr\\\/secteurs\\\/#breadcrumb\"},\"inLanguage\":\"fr-FR\",\"potentialAction\":[{\"@type\":\"ReadAction\",\"target\":[\"https:\\\/\\\/hatapress.com\\\/fr\\\/secteurs\\\/\"]}]},{\"@type\":\"BreadcrumbList\",\"@id\":\"https:\\\/\\\/hatapress.com\\\/fr\\\/secteurs\\\/#breadcrumb\",\"itemListElement\":[{\"@type\":\"ListItem\",\"position\":1,\"name\":\"Portada\",\"item\":\"https:\\\/\\\/hatapress.com\\\/fr\\\/accueil\\\/\"},{\"@type\":\"ListItem\",\"position\":2,\"name\":\"Secteurs\"}]},{\"@type\":\"WebSite\",\"@id\":\"https:\\\/\\\/hatapress.com\\\/#website\",\"url\":\"https:\\\/\\\/hatapress.com\\\/\",\"name\":\"Hatapress\",\"description\":\"\",\"potentialAction\":[{\"@type\":\"SearchAction\",\"target\":{\"@type\":\"EntryPoint\",\"urlTemplate\":\"https:\\\/\\\/hatapress.com\\\/?s={search_term_string}\"},\"query-input\":{\"@type\":\"PropertyValueSpecification\",\"valueRequired\":true,\"valueName\":\"search_term_string\"}}],\"inLanguage\":\"fr-FR\"}]}<\/script>\n<!-- \/ Yoast SEO plugin. -->","yoast_head_json":{"title":"Secteurs - Hatapress","description":"Solutions d'impression textile, de sublimation et de d\u00e9coupe laser pour la mode, la publicit\u00e9, l'industrie et bien plus encore.","robots":{"index":"index","follow":"follow","max-snippet":"max-snippet:-1","max-image-preview":"max-image-preview:large","max-video-preview":"max-video-preview:-1"},"canonical":"https:\/\/hatapress.com\/fr\/secteurs\/","og_locale":"fr_FR","og_type":"article","og_title":"Secteurs - Hatapress","og_description":"Solutions d'impression textile, de sublimation et de d\u00e9coupe laser pour la mode, la publicit\u00e9, l'industrie et bien plus encore.","og_url":"https:\/\/hatapress.com\/fr\/secteurs\/","og_site_name":"Hatapress","article_modified_time":"2025-06-06T10:49:00+00:00","twitter_card":"summary_large_image","twitter_misc":{"Dur\u00e9e de lecture estim\u00e9e":"1 minute"},"schema":{"@context":"https:\/\/schema.org","@graph":[{"@type":"WebPage","@id":"https:\/\/hatapress.com\/fr\/secteurs\/","url":"https:\/\/hatapress.com\/fr\/secteurs\/","name":"Secteurs - Hatapress","isPartOf":{"@id":"https:\/\/hatapress.com\/#website"},"datePublished":"2025-02-24T14:05:58+00:00","dateModified":"2025-06-06T10:49:00+00:00","description":"Solutions d'impression textile, de sublimation et de d\u00e9coupe laser pour la mode, la publicit\u00e9, l'industrie et bien plus encore.","breadcrumb":{"@id":"https:\/\/hatapress.com\/fr\/secteurs\/#breadcrumb"},"inLanguage":"fr-FR","potentialAction":[{"@type":"ReadAction","target":["https:\/\/hatapress.com\/fr\/secteurs\/"]}]},{"@type":"BreadcrumbList","@id":"https:\/\/hatapress.com\/fr\/secteurs\/#breadcrumb","itemListElement":[{"@type":"ListItem","position":1,"name":"Portada","item":"https:\/\/hatapress.com\/fr\/accueil\/"},{"@type":"ListItem","position":2,"name":"Secteurs"}]},{"@type":"WebSite","@id":"https:\/\/hatapress.com\/#website","url":"https:\/\/hatapress.com\/","name":"Hatapress","description":"","potentialAction":[{"@type":"SearchAction","target":{"@type":"EntryPoint","urlTemplate":"https:\/\/hatapress.com\/?s={search_term_string}"},"query-input":{"@type":"PropertyValueSpecification","valueRequired":true,"valueName":"search_term_string"}}],"inLanguage":"fr-FR"}]}},"_links":{"self":[{"href":"https:\/\/hatapress.com\/fr\/wp-json\/wp\/v2\/pages\/1628","targetHints":{"allow":["GET"]}}],"collection":[{"href":"https:\/\/hatapress.com\/fr\/wp-json\/wp\/v2\/pages"}],"about":[{"href":"https:\/\/hatapress.com\/fr\/wp-json\/wp\/v2\/types\/page"}],"author":[{"embeddable":true,"href":"https:\/\/hatapress.com\/fr\/wp-json\/wp\/v2\/users\/1"}],"replies":[{"embeddable":true,"href":"https:\/\/hatapress.com\/fr\/wp-json\/wp\/v2\/comments?post=1628"}],"version-history":[{"count":0,"href":"https:\/\/hatapress.com\/fr\/wp-json\/wp\/v2\/pages\/1628\/revisions"}],"wp:attachment":[{"href":"https:\/\/hatapress.com\/fr\/wp-json\/wp\/v2\/media?parent=1628"}],"curies":[{"name":"wp","href":"https:\/\/api.w.org\/{rel}","templated":true}]}}