{"id":1631,"date":"2025-02-24T14:05:10","date_gmt":"2025-02-24T14:05:10","guid":{"rendered":"https:\/\/hatapress.com\/aviso-legal\/"},"modified":"2025-06-06T11:57:09","modified_gmt":"2025-06-06T11:57:09","slug":"avis-legal","status":"publish","type":"page","link":"https:\/\/hatapress.com\/fr\/avis-legal\/","title":{"rendered":"Avis L\u00e9gal\u00a0"},"content":{"rendered":"<h2 style=\"text-align: center;\" data-start=\"178\" data-end=\"517\"><strong data-start=\"178\" data-end=\"306\">Avis L\u00e9gal\u00a0<\/strong><\/h2>\n<p data-start=\"178\" data-end=\"517\"><strong data-start=\"178\" data-end=\"306\">Conform\u00e9ment \u00e0 la Loi 34\/2002, du 11 juillet, sur les Services de la Soci\u00e9t\u00e9 de l\u2019Information et le Commerce \u00c9lectronique<\/strong>, l\u2019Utilisateur est inform\u00e9 que le propri\u00e9taire du site web <a class=\"\" href=\"http:\/\/www.hatapress.com\" target=\"_new\" rel=\"noopener\" data-start=\"366\" data-end=\"383\">www.hatapress.com<\/a> est <strong data-start=\"388\" data-end=\"416\">Hatapress &amp; Garments SLU<\/strong>, d\u00e9nomm\u00e9e commercialement <strong data-start=\"443\" data-end=\"456\">Hatapress<\/strong>, dont les informations d\u2019identification sont les suivantes :<\/p>\n<p data-start=\"519\" data-end=\"653\"><strong data-start=\"519\" data-end=\"537\">Si\u00e8ge social :<\/strong> C\/ Dels Remences, 144 08304 Matar\u00f3 Barcelone Espagne<br data-start=\"590\" data-end=\"593\" \/><strong data-start=\"593\" data-end=\"602\">CIF :<\/strong> B65941130<br data-start=\"612\" data-end=\"615\" \/><strong data-start=\"615\" data-end=\"627\">E-mail :<\/strong> <a href=\"mailto:export@hatapress.com\">export@hatapress.com<\/a><\/p>\n<p data-start=\"655\" data-end=\"694\">D\u00e9sormais d\u00e9nomm\u00e9e <strong data-start=\"674\" data-end=\"694\">\u00ab l\u2019Entreprise \u00bb<\/strong><\/p>\n<ol>\n<li data-start=\"701\" data-end=\"725\"><strong data-start=\"701\" data-end=\"725\"> Acc\u00e8s au site web<\/strong><\/li>\n<\/ol>\n<p data-start=\"727\" data-end=\"952\">Le pr\u00e9sent <strong data-start=\"738\" data-end=\"752\">Avis L\u00e9gal<\/strong> r\u00e9git l\u2019acc\u00e8s et l\u2019utilisation du site web par les Utilisateurs et a pour objectif de faire conna\u00eetre les produits de l\u2019Entreprise et de permettre un acc\u00e8s g\u00e9n\u00e9ral \u00e0 tous les utilisateurs d\u2019Internet.<\/p>\n<p data-start=\"954\" data-end=\"1271\">L\u2019acc\u00e8s et\/ou l\u2019utilisation du site web conf\u00e8re \u00e0 celui qui l\u2019effectue la condition d\u2019<strong data-start=\"1040\" data-end=\"1055\">Utilisateur<\/strong> et implique l\u2019acceptation, sans r\u00e9serve d\u2019aucune sorte, de toutes les pr\u00e9sentes <strong data-start=\"1136\" data-end=\"1160\">conditions g\u00e9n\u00e9rales<\/strong>, ainsi que de celles particuli\u00e8res qui pourraient r\u00e9gir l\u2019utilisation du site ou des services qui y sont li\u00e9s.<\/p>\n<p data-start=\"1273\" data-end=\"1626\">L\u2019Utilisateur doit lire attentivement l\u2019Avis L\u00e9gal ainsi que les <strong data-start=\"1338\" data-end=\"1385\">Politiques de Confidentialit\u00e9 et de Cookies<\/strong> avant d\u2019utiliser le site, car <strong data-start=\"1416\" data-end=\"1498\">l\u2019Entreprise se r\u00e9serve le droit de modifier ou de mettre \u00e0 jour \u00e0 tout moment<\/strong>, sans pr\u00e9avis, les contenus, services, conditions d\u2019acc\u00e8s et d\u2019utilisation, et tout autre \u00e9l\u00e9ment de configuration du site web.<\/p>\n<p data-start=\"1628\" data-end=\"1731\">Si vous n\u2019acceptez pas ces conditions, nous vous prions de ne pas utiliser le site web ni ses contenus.<\/p>\n<p><strong data-start=\"1738\" data-end=\"1768\">2. Utilisation du site web<\/strong><\/p>\n<p data-start=\"1770\" data-end=\"2111\">L\u2019Utilisateur s\u2019engage \u00e0 utiliser le site web avec diligence, ainsi que les informations relatives \u00e0 ses services et activit\u00e9s, conform\u00e9ment \u00e0 la l\u00e9gislation applicable, \u00e0 la morale, aux bonnes m\u0153urs g\u00e9n\u00e9ralement accept\u00e9es et \u00e0 l\u2019ordre public, ainsi qu\u2019aux <strong data-start=\"2027\" data-end=\"2066\">conditions d\u2019acc\u00e8s et d\u2019utilisation<\/strong> et autres stipulations figurant sur ce site.<\/p>\n<p data-start=\"2113\" data-end=\"2472\">De plus, l\u2019Utilisateur s\u2019engage \u00e0 <strong data-start=\"2147\" data-end=\"2255\">ne pas utiliser les contenus \u00e0 des fins illicites, interdites, nuisibles aux droits ou int\u00e9r\u00eats de tiers<\/strong>, ou qui pourraient de quelque mani\u00e8re que ce soit <strong data-start=\"2306\" data-end=\"2471\">endommager, d\u00e9sactiver, surcharger, d\u00e9t\u00e9riorer ou emp\u00eacher l\u2019utilisation normale des contenus, d\u2019autres utilisateurs ou de tout internaute (hardware et software)<\/strong>.<\/p>\n<p data-start=\"2479\" data-end=\"2512\"><strong data-start=\"2479\" data-end=\"2512\">3. Fonctionnement du site web<\/strong><\/p>\n<p data-start=\"2514\" data-end=\"2764\">En cas de non-respect des conditions de l\u2019Avis L\u00e9gal ou des Politiques de Confidentialit\u00e9 et de Cookies, <strong data-start=\"2619\" data-end=\"2710\">l\u2019Entreprise se r\u00e9serve le droit de limiter, suspendre et\/ou exclure l\u2019acc\u00e8s \u00e0 son site<\/strong>, et ce en adoptant toute mesure technique n\u00e9cessaire.<\/p>\n<p data-start=\"2766\" data-end=\"3020\">L\u2019Entreprise s\u2019efforcera de maintenir le bon fonctionnement du site, de corriger les erreurs et de garder les contenus \u00e0 jour. <strong data-start=\"2893\" data-end=\"3019\">Cependant, elle ne garantit ni la disponibilit\u00e9 ni la continuit\u00e9 d\u2019acc\u00e8s au site, ni l\u2019absence d\u2019erreurs dans les contenus<\/strong>.<\/p>\n<p data-start=\"3027\" data-end=\"3048\"><strong data-start=\"3027\" data-end=\"3048\">4. Responsabilit\u00e9<\/strong><\/p>\n<p data-start=\"3050\" data-end=\"3163\">L\u2019Utilisateur est <strong data-start=\"3068\" data-end=\"3091\">le seul responsable<\/strong> de l\u2019utilisation qu\u2019il fait des informations ou des m\u00e9canismes du site.<\/p>\n<p data-start=\"3165\" data-end=\"3573\"><strong data-start=\"3165\" data-end=\"3205\">L\u2019Entreprise ne sera pas responsable<\/strong> des dommages caus\u00e9s au mat\u00e9riel et\/ou logiciel de l\u2019utilisateur r\u00e9sultant de l\u2019acc\u00e8s ou de l\u2019utilisation du site. Elle ne sera pas non plus responsable des dommages pouvant \u00eatre caus\u00e9s par l\u2019acc\u00e8s et\/ou l\u2019utilisation de l\u2019information, y compris ceux li\u00e9s \u00e0 des virus, attaques informatiques, pannes, interruptions, d\u00e9fauts ou probl\u00e8mes de communication ou d\u2019Internet.<\/p>\n<p data-start=\"3575\" data-end=\"3833\">L\u2019Utilisateur est \u00e9galement <strong data-start=\"3603\" data-end=\"3648\">responsable des dommages et\/ou pr\u00e9judices<\/strong> que pourrait subir l\u2019Entreprise en cas de non-respect des obligations stipul\u00e9es dans le pr\u00e9sent Avis L\u00e9gal, la l\u00e9gislation applicable, ou la Politique de Confidentialit\u00e9 et de Cookies.<\/p>\n<p data-start=\"3840\" data-end=\"3909\"><strong data-start=\"3840\" data-end=\"3909\">5. Politique relative aux \u201cLiens\u201d (Sites web li\u00e9s et sites tiers)<\/strong><\/p>\n<p data-start=\"3911\" data-end=\"3956\"><strong data-start=\"3911\" data-end=\"3956\">Sites tiers (webs qui lient vers le site)<\/strong><\/p>\n<p data-start=\"3958\" data-end=\"4142\">Les tiers souhaitant inclure un lien vers ce site doivent <strong data-start=\"4016\" data-end=\"4055\">respecter la l\u00e9gislation en vigueur<\/strong> et ne pas h\u00e9berger de contenus inappropri\u00e9s, ill\u00e9gaux, pornographiques, violents, etc.<\/p>\n<p data-start=\"4144\" data-end=\"4278\"><strong data-start=\"4144\" data-end=\"4223\">En aucun cas l\u2019Entreprise ne sera responsable du contenu de ces sites tiers<\/strong>, ni ne les promeut, garantit, supervise ou recommande.<\/p>\n<p data-start=\"4280\" data-end=\"4374\">Si un site tiers enfreint l\u2019une de ces conditions, il devra <strong data-start=\"4340\" data-end=\"4373\">retirer imm\u00e9diatement le lien<\/strong>.<\/p>\n<p data-start=\"4376\" data-end=\"4419\"><strong data-start=\"4376\" data-end=\"4419\">Sites li\u00e9s (liens pr\u00e9sents sur ce site)<\/strong><\/p>\n<p data-start=\"4421\" data-end=\"4654\">Ce site peut inclure des liens vers d\u2019autres sites tiers. <strong data-start=\"4479\" data-end=\"4557\">L\u2019Entreprise ne peut \u00eatre tenue responsable des contenus de ces sites li\u00e9s<\/strong>, l\u2019utilisateur \u00e9tant seul responsable de v\u00e9rifier et d\u2019accepter leurs conditions \u00e0 chaque acc\u00e8s.<\/p>\n<p data-start=\"4656\" data-end=\"4834\">Ces liens ou mentions ont une finalit\u00e9 purement informative, <strong data-start=\"4717\" data-end=\"4777\">n\u2019impliquant aucune approbation, relation ou association<\/strong> avec les entit\u00e9s ou personnes responsables de ces sites.<\/p>\n<p data-start=\"4841\" data-end=\"4901\"><strong data-start=\"4841\" data-end=\"4901\">6. Propri\u00e9t\u00e9 intellectuelle et industrielle des contenus<\/strong><\/p>\n<p data-start=\"4903\" data-end=\"5182\"><strong data-start=\"4903\" data-end=\"4991\">L\u2019Entreprise ou ses licenci\u00e9s d\u00e9tiennent tous les droits de propri\u00e9t\u00e9 intellectuelle<\/strong> des contenus du site web, y compris, sans s\u2019y limiter, <strong data-start=\"5047\" data-end=\"5181\">les designs, bases de donn\u00e9es, logiciels (y compris le code source), textes, images, vid\u00e9os, graphismes, structure et organisation<\/strong>.<\/p>\n<p data-start=\"5184\" data-end=\"5303\">Les marques et noms commerciaux (\u201csignes distinctifs\u201d) sont \u00e9galement la propri\u00e9t\u00e9 de l\u2019Entreprise ou de ses licenci\u00e9s.<\/p>\n<p data-start=\"5305\" data-end=\"5635\">L\u2019utilisation du site <strong data-start=\"5327\" data-end=\"5397\">ne conf\u00e8re aucun droit de propri\u00e9t\u00e9 intellectuelle ou industrielle<\/strong> \u00e0 l\u2019utilisateur. Toute reproduction, distribution, communication publique, transformation ou modification des contenus ou signes distinctifs est <strong data-start=\"5543\" data-end=\"5597\">formellement interdite sans autorisation pr\u00e9alable<\/strong> ou sauf disposition l\u00e9gale contraire.<\/p>\n<p data-start=\"5642\" data-end=\"5658\"><strong data-start=\"5642\" data-end=\"5658\">7. Publicit\u00e9<\/strong><\/p>\n<p data-start=\"5660\" data-end=\"5847\">Le site web peut contenir des contenus <strong data-start=\"5699\" data-end=\"5731\">publicitaires ou sponsoris\u00e9s<\/strong>. Les annonceurs ou sponsors sont seuls responsables de <strong data-start=\"5787\" data-end=\"5846\">la conformit\u00e9 de leur contenu avec les lois applicables<\/strong>.<\/p>\n<p data-start=\"5849\" data-end=\"5972\">L\u2019Entreprise <strong data-start=\"5862\" data-end=\"5889\">ne sera pas responsable<\/strong> des erreurs, inexactitudes ou irr\u00e9gularit\u00e9s que ces contenus pourraient pr\u00e9senter.<\/p>\n<p data-start=\"5979\" data-end=\"6008\"><strong data-start=\"5979\" data-end=\"6008\">8. L\u00e9gislation applicable<\/strong><\/p>\n<p data-start=\"6010\" data-end=\"6099\">Le pr\u00e9sent Avis L\u00e9gal est r\u00e9gi et interpr\u00e9t\u00e9 <strong data-start=\"6055\" data-end=\"6098\">conform\u00e9ment \u00e0 la l\u00e9gislation espagnole<\/strong>.<\/p>\n<p data-start=\"6101\" data-end=\"6282\">Tout litige relatif \u00e0 l\u2019acc\u00e8s au site web sera soumis aux <strong data-start=\"6159\" data-end=\"6187\">juridictions comp\u00e9tentes<\/strong>, conform\u00e9ment \u00e0 la r\u00e9glementation applicable en mati\u00e8re de <strong data-start=\"6247\" data-end=\"6281\">consommation et d\u2019utilisateurs<\/strong>.<\/p>\n<p data-start=\"6289\" data-end=\"6304\"><strong data-start=\"6289\" data-end=\"6304\">9. Contact<\/strong><\/p>\n<p data-start=\"6306\" data-end=\"6460\">Pour toute question ou commentaire concernant cet <strong data-start=\"6356\" data-end=\"6370\">Avis L\u00e9gal<\/strong>, vous pouvez nous contacter par e-mail \u00e0 l\u2019adresse suivante : <a href=\"mailto:export@hatapress.com\">export@hatapress.com<\/a><\/p>\n","protected":false},"excerpt":{"rendered":"<p>Avis L\u00e9gal\u00a0 Conform\u00e9ment \u00e0 la Loi 34\/2002, du 11 juillet, sur les Services de la Soci\u00e9t\u00e9 de l\u2019Information et le Commerce \u00c9lectronique, l\u2019Utilisateur est inform\u00e9 que le propri\u00e9taire du site web www.hatapress.com est Hatapress &amp; Garments SLU, d\u00e9nomm\u00e9e commercialement Hatapress, dont les informations d\u2019identification sont les suivantes : Si\u00e8ge social : C\/ Dels Remences, 144 [&hellip;]<\/p>\n","protected":false},"author":1,"featured_media":0,"parent":0,"menu_order":0,"comment_status":"closed","ping_status":"closed","template":"","meta":{"footnotes":""},"class_list":["post-1631","page","type-page","status-publish","hentry"],"yoast_head":"<!-- This site is optimized with the Yoast SEO plugin v27.3 - https:\/\/yoast.com\/product\/yoast-seo-wordpress\/ -->\n<title>Avis L\u00e9gal\u00a0 - Hatapress<\/title>\n<meta name=\"robots\" content=\"index, follow, max-snippet:-1, max-image-preview:large, max-video-preview:-1\" \/>\n<link rel=\"canonical\" href=\"https:\/\/hatapress.com\/fr\/avis-legal\/\" \/>\n<meta property=\"og:locale\" content=\"fr_FR\" \/>\n<meta property=\"og:type\" content=\"article\" \/>\n<meta property=\"og:title\" content=\"Avis L\u00e9gal\u00a0 - Hatapress\" \/>\n<meta property=\"og:description\" content=\"Avis L\u00e9gal\u00a0 Conform\u00e9ment \u00e0 la Loi 34\/2002, du 11 juillet, sur les Services de la Soci\u00e9t\u00e9 de l\u2019Information et le Commerce \u00c9lectronique, l\u2019Utilisateur est inform\u00e9 que le propri\u00e9taire du site web www.hatapress.com est Hatapress &amp; Garments SLU, d\u00e9nomm\u00e9e commercialement Hatapress, dont les informations d\u2019identification sont les suivantes : Si\u00e8ge social : C\/ Dels Remences, 144 [&hellip;]\" \/>\n<meta property=\"og:url\" content=\"https:\/\/hatapress.com\/fr\/avis-legal\/\" \/>\n<meta property=\"og:site_name\" content=\"Hatapress\" \/>\n<meta property=\"article:modified_time\" content=\"2025-06-06T11:57:09+00:00\" \/>\n<meta name=\"twitter:card\" content=\"summary_large_image\" \/>\n<meta name=\"twitter:label1\" content=\"Dur\u00e9e de lecture estim\u00e9e\" \/>\n\t<meta name=\"twitter:data1\" content=\"4 minutes\" \/>\n<script type=\"application\/ld+json\" class=\"yoast-schema-graph\">{\"@context\":\"https:\\\/\\\/schema.org\",\"@graph\":[{\"@type\":\"WebPage\",\"@id\":\"https:\\\/\\\/hatapress.com\\\/fr\\\/avis-legal\\\/\",\"url\":\"https:\\\/\\\/hatapress.com\\\/fr\\\/avis-legal\\\/\",\"name\":\"Avis L\u00e9gal\u00a0 - Hatapress\",\"isPartOf\":{\"@id\":\"https:\\\/\\\/hatapress.com\\\/#website\"},\"datePublished\":\"2025-02-24T14:05:10+00:00\",\"dateModified\":\"2025-06-06T11:57:09+00:00\",\"breadcrumb\":{\"@id\":\"https:\\\/\\\/hatapress.com\\\/fr\\\/avis-legal\\\/#breadcrumb\"},\"inLanguage\":\"fr-FR\",\"potentialAction\":[{\"@type\":\"ReadAction\",\"target\":[\"https:\\\/\\\/hatapress.com\\\/fr\\\/avis-legal\\\/\"]}]},{\"@type\":\"BreadcrumbList\",\"@id\":\"https:\\\/\\\/hatapress.com\\\/fr\\\/avis-legal\\\/#breadcrumb\",\"itemListElement\":[{\"@type\":\"ListItem\",\"position\":1,\"name\":\"Portada\",\"item\":\"https:\\\/\\\/hatapress.com\\\/fr\\\/accueil\\\/\"},{\"@type\":\"ListItem\",\"position\":2,\"name\":\"Avis L\u00e9gal\u00a0\"}]},{\"@type\":\"WebSite\",\"@id\":\"https:\\\/\\\/hatapress.com\\\/#website\",\"url\":\"https:\\\/\\\/hatapress.com\\\/\",\"name\":\"Hatapress\",\"description\":\"\",\"potentialAction\":[{\"@type\":\"SearchAction\",\"target\":{\"@type\":\"EntryPoint\",\"urlTemplate\":\"https:\\\/\\\/hatapress.com\\\/?s={search_term_string}\"},\"query-input\":{\"@type\":\"PropertyValueSpecification\",\"valueRequired\":true,\"valueName\":\"search_term_string\"}}],\"inLanguage\":\"fr-FR\"}]}<\/script>\n<!-- \/ Yoast SEO plugin. -->","yoast_head_json":{"title":"Avis L\u00e9gal\u00a0 - Hatapress","robots":{"index":"index","follow":"follow","max-snippet":"max-snippet:-1","max-image-preview":"max-image-preview:large","max-video-preview":"max-video-preview:-1"},"canonical":"https:\/\/hatapress.com\/fr\/avis-legal\/","og_locale":"fr_FR","og_type":"article","og_title":"Avis L\u00e9gal\u00a0 - Hatapress","og_description":"Avis L\u00e9gal\u00a0 Conform\u00e9ment \u00e0 la Loi 34\/2002, du 11 juillet, sur les Services de la Soci\u00e9t\u00e9 de l\u2019Information et le Commerce \u00c9lectronique, l\u2019Utilisateur est inform\u00e9 que le propri\u00e9taire du site web www.hatapress.com est Hatapress &amp; Garments SLU, d\u00e9nomm\u00e9e commercialement Hatapress, dont les informations d\u2019identification sont les suivantes : Si\u00e8ge social : C\/ Dels Remences, 144 [&hellip;]","og_url":"https:\/\/hatapress.com\/fr\/avis-legal\/","og_site_name":"Hatapress","article_modified_time":"2025-06-06T11:57:09+00:00","twitter_card":"summary_large_image","twitter_misc":{"Dur\u00e9e de lecture estim\u00e9e":"4 minutes"},"schema":{"@context":"https:\/\/schema.org","@graph":[{"@type":"WebPage","@id":"https:\/\/hatapress.com\/fr\/avis-legal\/","url":"https:\/\/hatapress.com\/fr\/avis-legal\/","name":"Avis L\u00e9gal\u00a0 - Hatapress","isPartOf":{"@id":"https:\/\/hatapress.com\/#website"},"datePublished":"2025-02-24T14:05:10+00:00","dateModified":"2025-06-06T11:57:09+00:00","breadcrumb":{"@id":"https:\/\/hatapress.com\/fr\/avis-legal\/#breadcrumb"},"inLanguage":"fr-FR","potentialAction":[{"@type":"ReadAction","target":["https:\/\/hatapress.com\/fr\/avis-legal\/"]}]},{"@type":"BreadcrumbList","@id":"https:\/\/hatapress.com\/fr\/avis-legal\/#breadcrumb","itemListElement":[{"@type":"ListItem","position":1,"name":"Portada","item":"https:\/\/hatapress.com\/fr\/accueil\/"},{"@type":"ListItem","position":2,"name":"Avis L\u00e9gal\u00a0"}]},{"@type":"WebSite","@id":"https:\/\/hatapress.com\/#website","url":"https:\/\/hatapress.com\/","name":"Hatapress","description":"","potentialAction":[{"@type":"SearchAction","target":{"@type":"EntryPoint","urlTemplate":"https:\/\/hatapress.com\/?s={search_term_string}"},"query-input":{"@type":"PropertyValueSpecification","valueRequired":true,"valueName":"search_term_string"}}],"inLanguage":"fr-FR"}]}},"_links":{"self":[{"href":"https:\/\/hatapress.com\/fr\/wp-json\/wp\/v2\/pages\/1631","targetHints":{"allow":["GET"]}}],"collection":[{"href":"https:\/\/hatapress.com\/fr\/wp-json\/wp\/v2\/pages"}],"about":[{"href":"https:\/\/hatapress.com\/fr\/wp-json\/wp\/v2\/types\/page"}],"author":[{"embeddable":true,"href":"https:\/\/hatapress.com\/fr\/wp-json\/wp\/v2\/users\/1"}],"replies":[{"embeddable":true,"href":"https:\/\/hatapress.com\/fr\/wp-json\/wp\/v2\/comments?post=1631"}],"version-history":[{"count":0,"href":"https:\/\/hatapress.com\/fr\/wp-json\/wp\/v2\/pages\/1631\/revisions"}],"wp:attachment":[{"href":"https:\/\/hatapress.com\/fr\/wp-json\/wp\/v2\/media?parent=1631"}],"curies":[{"name":"wp","href":"https:\/\/api.w.org\/{rel}","templated":true}]}}