{"id":1632,"date":"2025-02-24T14:03:31","date_gmt":"2025-02-24T14:03:31","guid":{"rendered":"https:\/\/hatapress.com\/politica-de-cookies\/"},"modified":"2025-11-03T14:56:54","modified_gmt":"2025-11-03T14:56:54","slug":"politica-de-cookies","status":"publish","type":"page","link":"https:\/\/hatapress.com\/fr\/politica-de-cookies\/","title":{"rendered":"Politique de cookies"},"content":{"rendered":"<h2 style=\"text-align: center;\">Politique de cookies<\/h2>\n<p data-start=\"191\" data-end=\"271\"><strong data-start=\"229\" data-end=\"271\">IDENTIFICATION ET POLITIQUE DE COOKIES<\/strong><\/p>\n<p data-start=\"273\" data-end=\"479\">Ce site web <a class=\"\" href=\"http:\/\/www.hatapress.com\" target=\"_new\" rel=\"noopener\" data-start=\"285\" data-end=\"302\">www.hatapress.com<\/a> (ci-apr\u00e8s, le \u00ab Site \u00bb) est la propri\u00e9t\u00e9 de <strong data-start=\"347\" data-end=\"376\">Hatapress &amp; Garments SLU.<\/strong>, soci\u00e9t\u00e9 constitu\u00e9e conform\u00e9ment \u00e0 la l\u00e9gislation espagnole, enregistr\u00e9e sous le num\u00e9ro CIF B65941130.<\/p>\n<p data-start=\"481\" data-end=\"843\">Sur notre site, nous utilisons des cookies internes qui nous permettent d\u2019am\u00e9liorer l\u2019exp\u00e9rience utilisateur et d\u2019offrir un contenu adapt\u00e9 \u00e0 vos centres d\u2019int\u00e9r\u00eat gr\u00e2ce \u00e0 la personnalisation. Nous utilisons \u00e9galement des cookies tiers qui personnalisent la publicit\u00e9 des pages que vous visitez en fonction des contenus susceptibles d\u2019int\u00e9resser nos utilisateurs.<\/p>\n<p data-start=\"845\" data-end=\"1042\">Si vous continuez \u00e0 naviguer avec votre navigateur configur\u00e9 pour accepter les cookies, nous comprendrons que vous acceptez l\u2019installation de cookies telle que d\u00e9taill\u00e9e dans la pr\u00e9sente politique.<\/p>\n<p data-start=\"1049\" data-end=\"1089\"><strong data-start=\"1049\" data-end=\"1089\">INFORMATIONS DE BASE SUR LES COOKIES<\/strong><\/p>\n<p data-start=\"1091\" data-end=\"1366\"><strong data-start=\"1091\" data-end=\"1117\">Que sont les cookies ?<\/strong><br data-start=\"1117\" data-end=\"1120\" \/>Les cookies sont de petits fichiers d\u2019information stock\u00e9s dans le navigateur de votre ordinateur, tablette ou t\u00e9l\u00e9phone portable lorsque vous visitez notre site, et qui facilitent et personnalisent votre navigation lors de vos prochaines visites.<\/p>\n<p data-start=\"1368\" data-end=\"1969\"><strong data-start=\"1368\" data-end=\"1400\">\u00c0 quoi servent les cookies ?<\/strong><br data-start=\"1400\" data-end=\"1403\" \/>Les cookies ne permettent pas de vous identifier personnellement et ne pr\u00e9sentent aucun risque pour votre appareil. Ce ne sont ni des virus ni des logiciels espions. Ce sont simplement des outils utilis\u00e9s par les sites web pour am\u00e9liorer la navigation, s\u00e9curiser les transferts de donn\u00e9es, comprendre quelles informations sont les plus utiles ou encore afficher des offres adapt\u00e9es \u00e0 vos pr\u00e9f\u00e9rences.<br data-start=\"1803\" data-end=\"1806\" \/>Et tout cela de mani\u00e8re totalement anonyme : nous ne conna\u00eetrons jamais votre nom, adresse ou num\u00e9ro de t\u00e9l\u00e9phone, sauf si vous nous les fournissez volontairement.<\/p>\n<p data-start=\"1971\" data-end=\"2128\">Vous d\u00e9cidez si vous autorisez ou non les cookies. Si vous choisissez de ne pas les autoriser, vous devez les bloquer via les param\u00e8tres de votre navigateur.<\/p>\n<p data-start=\"2130\" data-end=\"2319\">Veuillez noter que si vous bloquez les cookies, certaines fonctionnalit\u00e9s du Site pourraient ne pas fonctionner correctement, et les contenus ne pourront pas \u00eatre adapt\u00e9s \u00e0 vos pr\u00e9f\u00e9rences.<\/p>\n<p data-start=\"2326\" data-end=\"2433\"><strong data-start=\"2326\" data-end=\"2379\">Combien de temps les cookies restent-ils actifs ?<\/strong><br data-start=\"2379\" data-end=\"2382\" \/>On distingue principalement deux types de cookies :<\/p>\n<ul data-start=\"2435\" data-end=\"2924\">\n<li data-start=\"2435\" data-end=\"2634\">\n<p data-start=\"2437\" data-end=\"2634\"><strong data-start=\"2437\" data-end=\"2461\">Cookies de session :<\/strong> ils expirent d\u00e8s que vous quittez le site ou fermez votre navigateur. Ils sont actifs uniquement pendant la visite et sont supprim\u00e9s lorsque vous \u00e9teignez votre appareil.<\/p>\n<\/li>\n<li data-start=\"2635\" data-end=\"2924\">\n<p data-start=\"2637\" data-end=\"2924\"><strong data-start=\"2637\" data-end=\"2661\">Cookies permanents :<\/strong> ils restent sur votre appareil jusqu\u2019\u00e0 ce qu\u2019ils atteignent leur date d\u2019expiration ou soient supprim\u00e9s manuellement. Ils sont souvent utilis\u00e9s pour faciliter les achats en ligne, m\u00e9moriser les personnalisations ou \u00e9viter de devoir se reconnecter \u00e0 chaque visite.<\/p>\n<\/li>\n<\/ul>\n<p data-start=\"2931\" data-end=\"2994\"><strong data-start=\"2931\" data-end=\"2994\">Pourquoi utilisons-nous des cookies sur <a class=\"\" href=\"http:\/\/www.hatapress.com\" target=\"_new\" rel=\"noopener\" data-start=\"2973\" data-end=\"2990\">www.hatapress.com<\/a> ?<\/strong><\/p>\n<p data-start=\"2996\" data-end=\"3082\">Nous utilisons des cookies pour diff\u00e9rentes finalit\u00e9s, essentiellement les suivantes :<\/p>\n<ul data-start=\"3084\" data-end=\"3852\">\n<li data-start=\"3084\" data-end=\"3201\">\n<p data-start=\"3086\" data-end=\"3201\"><strong data-start=\"3086\" data-end=\"3102\">Techniques :<\/strong> n\u00e9cessaires pour naviguer correctement sur le Site et acc\u00e9der \u00e0 toutes les sections sans probl\u00e8me.<\/p>\n<\/li>\n<li data-start=\"3202\" data-end=\"3462\">\n<p data-start=\"3204\" data-end=\"3462\"><strong data-start=\"3204\" data-end=\"3219\">D\u2019analyse :<\/strong> nous permettent de comprendre comment les utilisateurs naviguent sur notre site, ce qui fonctionne ou non, d\u2019am\u00e9liorer nos contenus, et de savoir combien de personnes nous visitent, \u00e0 des fins statistiques. Ces donn\u00e9es sont toujours anonymes.<\/p>\n<\/li>\n<li data-start=\"3463\" data-end=\"3645\">\n<p data-start=\"3465\" data-end=\"3645\"><strong data-start=\"3465\" data-end=\"3497\">Modules de r\u00e9seaux sociaux :<\/strong> facilitent l\u2019acc\u00e8s \u00e0 nos canaux sociaux pour vous tenir inform\u00e9(e) de nos nouveaut\u00e9s, conseils et vous permettre d\u2019interagir avec notre communaut\u00e9.<\/p>\n<\/li>\n<li data-start=\"3646\" data-end=\"3852\">\n<p data-start=\"3648\" data-end=\"3852\"><strong data-start=\"3648\" data-end=\"3667\">Publicitaires :<\/strong> parfois, nous analysons vos pr\u00e9f\u00e9rences pour vous montrer des publicit\u00e9s personnalis\u00e9es selon vos centres d\u2019int\u00e9r\u00eat, afin de ne pas vous proposer des offres qui ne vous concernent pas.<\/p>\n<\/li>\n<\/ul>\n<p data-start=\"3859\" data-end=\"3906\"><strong data-start=\"3859\" data-end=\"3906\">COMMENT CONFIGURER \/ D\u00c9SACTIVER LES COOKIES<\/strong><\/p>\n<p data-start=\"3908\" data-end=\"4211\"><strong data-start=\"3908\" data-end=\"3973\">Souhaitez-vous d\u00e9sactiver les cookies dans votre navigateur ?<\/strong><br data-start=\"3973\" data-end=\"3976\" \/>Par d\u00e9faut, la plupart des navigateurs acceptent les cookies. Lorsque vous naviguez sur le Site, vous acceptez leur utilisation. Cependant, vous pouvez \u00e0 tout moment modifier vos pr\u00e9f\u00e9rences et d\u00e9cider de naviguer avec ou sans cookies.<\/p>\n","protected":false},"excerpt":{"rendered":"<p>Politique de cookies IDENTIFICATION ET POLITIQUE DE COOKIES Ce site web www.hatapress.com (ci-apr\u00e8s, le \u00ab Site \u00bb) est la propri\u00e9t\u00e9 de Hatapress &amp; Garments SLU., soci\u00e9t\u00e9 constitu\u00e9e conform\u00e9ment \u00e0 la l\u00e9gislation espagnole, enregistr\u00e9e sous le num\u00e9ro CIF B65941130. Sur notre site, nous utilisons des cookies internes qui nous permettent d\u2019am\u00e9liorer l\u2019exp\u00e9rience utilisateur et d\u2019offrir un [&hellip;]<\/p>\n","protected":false},"author":1,"featured_media":0,"parent":0,"menu_order":0,"comment_status":"closed","ping_status":"closed","template":"","meta":{"footnotes":""},"class_list":["post-1632","page","type-page","status-publish","hentry"],"yoast_head":"<!-- This site is optimized with the Yoast SEO plugin v27.3 - https:\/\/yoast.com\/product\/yoast-seo-wordpress\/ -->\n<title>Politique de cookies - Hatapress<\/title>\n<meta name=\"robots\" content=\"index, follow, max-snippet:-1, max-image-preview:large, max-video-preview:-1\" \/>\n<link rel=\"canonical\" href=\"https:\/\/hatapress.com\/fr\/politica-de-cookies\/\" \/>\n<meta property=\"og:locale\" content=\"fr_FR\" \/>\n<meta property=\"og:type\" content=\"article\" \/>\n<meta property=\"og:title\" content=\"Politique de cookies - Hatapress\" \/>\n<meta property=\"og:description\" content=\"Politique de cookies IDENTIFICATION ET POLITIQUE DE COOKIES Ce site web www.hatapress.com (ci-apr\u00e8s, le \u00ab Site \u00bb) est la propri\u00e9t\u00e9 de Hatapress &amp; Garments SLU., soci\u00e9t\u00e9 constitu\u00e9e conform\u00e9ment \u00e0 la l\u00e9gislation espagnole, enregistr\u00e9e sous le num\u00e9ro CIF B65941130. Sur notre site, nous utilisons des cookies internes qui nous permettent d\u2019am\u00e9liorer l\u2019exp\u00e9rience utilisateur et d\u2019offrir un [&hellip;]\" \/>\n<meta property=\"og:url\" content=\"https:\/\/hatapress.com\/fr\/politica-de-cookies\/\" \/>\n<meta property=\"og:site_name\" content=\"Hatapress\" \/>\n<meta property=\"article:modified_time\" content=\"2025-11-03T14:56:54+00:00\" \/>\n<meta name=\"twitter:card\" content=\"summary_large_image\" \/>\n<meta name=\"twitter:label1\" content=\"Dur\u00e9e de lecture estim\u00e9e\" \/>\n\t<meta name=\"twitter:data1\" content=\"3 minutes\" \/>\n<script type=\"application\/ld+json\" class=\"yoast-schema-graph\">{\"@context\":\"https:\\\/\\\/schema.org\",\"@graph\":[{\"@type\":\"WebPage\",\"@id\":\"https:\\\/\\\/hatapress.com\\\/fr\\\/politica-de-cookies\\\/\",\"url\":\"https:\\\/\\\/hatapress.com\\\/fr\\\/politica-de-cookies\\\/\",\"name\":\"Politique de cookies - Hatapress\",\"isPartOf\":{\"@id\":\"https:\\\/\\\/hatapress.com\\\/#website\"},\"datePublished\":\"2025-02-24T14:03:31+00:00\",\"dateModified\":\"2025-11-03T14:56:54+00:00\",\"breadcrumb\":{\"@id\":\"https:\\\/\\\/hatapress.com\\\/fr\\\/politica-de-cookies\\\/#breadcrumb\"},\"inLanguage\":\"fr-FR\",\"potentialAction\":[{\"@type\":\"ReadAction\",\"target\":[\"https:\\\/\\\/hatapress.com\\\/fr\\\/politica-de-cookies\\\/\"]}]},{\"@type\":\"BreadcrumbList\",\"@id\":\"https:\\\/\\\/hatapress.com\\\/fr\\\/politica-de-cookies\\\/#breadcrumb\",\"itemListElement\":[{\"@type\":\"ListItem\",\"position\":1,\"name\":\"Portada\",\"item\":\"https:\\\/\\\/hatapress.com\\\/fr\\\/accueil\\\/\"},{\"@type\":\"ListItem\",\"position\":2,\"name\":\"Politique de cookies\"}]},{\"@type\":\"WebSite\",\"@id\":\"https:\\\/\\\/hatapress.com\\\/#website\",\"url\":\"https:\\\/\\\/hatapress.com\\\/\",\"name\":\"Hatapress\",\"description\":\"\",\"potentialAction\":[{\"@type\":\"SearchAction\",\"target\":{\"@type\":\"EntryPoint\",\"urlTemplate\":\"https:\\\/\\\/hatapress.com\\\/?s={search_term_string}\"},\"query-input\":{\"@type\":\"PropertyValueSpecification\",\"valueRequired\":true,\"valueName\":\"search_term_string\"}}],\"inLanguage\":\"fr-FR\"}]}<\/script>\n<!-- \/ Yoast SEO plugin. -->","yoast_head_json":{"title":"Politique de cookies - Hatapress","robots":{"index":"index","follow":"follow","max-snippet":"max-snippet:-1","max-image-preview":"max-image-preview:large","max-video-preview":"max-video-preview:-1"},"canonical":"https:\/\/hatapress.com\/fr\/politica-de-cookies\/","og_locale":"fr_FR","og_type":"article","og_title":"Politique de cookies - Hatapress","og_description":"Politique de cookies IDENTIFICATION ET POLITIQUE DE COOKIES Ce site web www.hatapress.com (ci-apr\u00e8s, le \u00ab Site \u00bb) est la propri\u00e9t\u00e9 de Hatapress &amp; Garments SLU., soci\u00e9t\u00e9 constitu\u00e9e conform\u00e9ment \u00e0 la l\u00e9gislation espagnole, enregistr\u00e9e sous le num\u00e9ro CIF B65941130. Sur notre site, nous utilisons des cookies internes qui nous permettent d\u2019am\u00e9liorer l\u2019exp\u00e9rience utilisateur et d\u2019offrir un [&hellip;]","og_url":"https:\/\/hatapress.com\/fr\/politica-de-cookies\/","og_site_name":"Hatapress","article_modified_time":"2025-11-03T14:56:54+00:00","twitter_card":"summary_large_image","twitter_misc":{"Dur\u00e9e de lecture estim\u00e9e":"3 minutes"},"schema":{"@context":"https:\/\/schema.org","@graph":[{"@type":"WebPage","@id":"https:\/\/hatapress.com\/fr\/politica-de-cookies\/","url":"https:\/\/hatapress.com\/fr\/politica-de-cookies\/","name":"Politique de cookies - Hatapress","isPartOf":{"@id":"https:\/\/hatapress.com\/#website"},"datePublished":"2025-02-24T14:03:31+00:00","dateModified":"2025-11-03T14:56:54+00:00","breadcrumb":{"@id":"https:\/\/hatapress.com\/fr\/politica-de-cookies\/#breadcrumb"},"inLanguage":"fr-FR","potentialAction":[{"@type":"ReadAction","target":["https:\/\/hatapress.com\/fr\/politica-de-cookies\/"]}]},{"@type":"BreadcrumbList","@id":"https:\/\/hatapress.com\/fr\/politica-de-cookies\/#breadcrumb","itemListElement":[{"@type":"ListItem","position":1,"name":"Portada","item":"https:\/\/hatapress.com\/fr\/accueil\/"},{"@type":"ListItem","position":2,"name":"Politique de cookies"}]},{"@type":"WebSite","@id":"https:\/\/hatapress.com\/#website","url":"https:\/\/hatapress.com\/","name":"Hatapress","description":"","potentialAction":[{"@type":"SearchAction","target":{"@type":"EntryPoint","urlTemplate":"https:\/\/hatapress.com\/?s={search_term_string}"},"query-input":{"@type":"PropertyValueSpecification","valueRequired":true,"valueName":"search_term_string"}}],"inLanguage":"fr-FR"}]}},"_links":{"self":[{"href":"https:\/\/hatapress.com\/fr\/wp-json\/wp\/v2\/pages\/1632","targetHints":{"allow":["GET"]}}],"collection":[{"href":"https:\/\/hatapress.com\/fr\/wp-json\/wp\/v2\/pages"}],"about":[{"href":"https:\/\/hatapress.com\/fr\/wp-json\/wp\/v2\/types\/page"}],"author":[{"embeddable":true,"href":"https:\/\/hatapress.com\/fr\/wp-json\/wp\/v2\/users\/1"}],"replies":[{"embeddable":true,"href":"https:\/\/hatapress.com\/fr\/wp-json\/wp\/v2\/comments?post=1632"}],"version-history":[{"count":2,"href":"https:\/\/hatapress.com\/fr\/wp-json\/wp\/v2\/pages\/1632\/revisions"}],"predecessor-version":[{"id":7878,"href":"https:\/\/hatapress.com\/fr\/wp-json\/wp\/v2\/pages\/1632\/revisions\/7878"}],"wp:attachment":[{"href":"https:\/\/hatapress.com\/fr\/wp-json\/wp\/v2\/media?parent=1632"}],"curies":[{"name":"wp","href":"https:\/\/api.w.org\/{rel}","templated":true}]}}