{"id":1635,"date":"2025-02-14T11:52:22","date_gmt":"2025-02-14T11:52:22","guid":{"rendered":"https:\/\/hatapress.com\/politica-de-privacidad\/"},"modified":"2025-06-06T11:59:43","modified_gmt":"2025-06-06T11:59:43","slug":"politique-de-confidentialite","status":"publish","type":"page","link":"https:\/\/hatapress.com\/fr\/politique-de-confidentialite\/","title":{"rendered":"Politique de confidentialit\u00e9"},"content":{"rendered":"<h2 style=\"text-align: center;\">Politique de confidentialit\u00e9<\/h2>\n<p data-start=\"202\" data-end=\"285\"><strong data-start=\"237\" data-end=\"285\">Protection des donn\u00e9es \u00e0 caract\u00e8re personnel<\/strong><\/p>\n<p data-start=\"287\" data-end=\"510\">Par la pr\u00e9sente politique de confidentialit\u00e9, <strong data-start=\"333\" data-end=\"362\">Hatapress &amp; Garments SLU.<\/strong> souhaite informer toutes les personnes qui naviguent et acc\u00e8dent au site web <a class=\"\" href=\"http:\/\/www.hatapress.com\" target=\"_new\" rel=\"noopener\" data-start=\"440\" data-end=\"457\">www.hatapress.com<\/a> sur le traitement des donn\u00e9es personnelles effectu\u00e9.<\/p>\n<p data-start=\"512\" data-end=\"716\">L\u2019acc\u00e8s au site web ne n\u00e9cessite pas d\u2019enregistrement pr\u00e9alable. En tout \u00e9tat de cause, l\u2019Utilisateur, en naviguant, accepte pleinement la pr\u00e9sente politique de confidentialit\u00e9 et la politique de cookies.<\/p>\n<p data-start=\"718\" data-end=\"968\">Avant d\u2019envoyer toute demande d\u2019information via le formulaire de contact de ce site web, l\u2019utilisateur devra accepter la politique de confidentialit\u00e9 afin de fournir un consentement expr\u00e8s et \u00e9clair\u00e9 pour le traitement des donn\u00e9es aux fins indiqu\u00e9es.<\/p>\n<p data-start=\"970\" data-end=\"1438\">Conform\u00e9ment au <strong data-start=\"986\" data-end=\"1013\">R\u00e8glement (UE) 2016\/679<\/strong>, du 27 avril 2016, relatif \u00e0 la protection des personnes physiques \u00e0 l\u2019\u00e9gard du traitement des donn\u00e9es \u00e0 caract\u00e8re personnel et \u00e0 la libre circulation de ces donn\u00e9es, et subsidiairement, dans ce qui n\u2019est pas r\u00e9glement\u00e9, au <strong data-start=\"1238\" data-end=\"1264\">D\u00e9cret Royal 1720\/2007<\/strong>, du 21 d\u00e9cembre, qui approuve le R\u00e8glement de d\u00e9veloppement de la Loi Organique 15\/1999, du 13 d\u00e9cembre, de Protection des Donn\u00e9es \u00e0 Caract\u00e8re Personnel, Hatapress informe :<\/p>\n<p data-start=\"1440\" data-end=\"1835\"><strong data-start=\"1440\" data-end=\"1468\">Responsable du fichier :<\/strong><br data-start=\"1468\" data-end=\"1471\" \/>Raison sociale : Hatapress &amp; Garments SLU.<br data-start=\"1513\" data-end=\"1516\" \/>Nom commercial : Hatapress<br data-start=\"1542\" data-end=\"1545\" \/>CIF : B65941130<br data-start=\"1560\" data-end=\"1563\" \/>Adresse : C\/ Dels Remences, 144 08304 Matar\u00f3 Barcelone Espagne<br data-start=\"1625\" data-end=\"1628\" \/>E-mail : <a href=\"mailto:export@hatapress.com\">export@hatapress.com<\/a><br data-start=\"1660\" data-end=\"1663\" \/>T\u00e9l\u00e9phone : +34 930 130 656<br data-start=\"1690\" data-end=\"1693\" \/>Donn\u00e9es d&rsquo;enregistrement : Cette soci\u00e9t\u00e9 est inscrite au Registre du Commerce de Barcelone, Tome xxxx, folio xxxxx, section 1, feuille L-xxxxx<\/p>\n<p data-start=\"1837\" data-end=\"1878\">D\u00e9sormais d\u00e9sign\u00e9e comme \u00ab L\u2019Entreprise \u00bb<\/p>\n<p data-start=\"1885\" data-end=\"2016\"><strong data-start=\"1885\" data-end=\"1927\">Finalit\u00e9 et conservation des donn\u00e9es :<\/strong><br data-start=\"1927\" data-end=\"1930\" \/>\u00ab L\u2019Entreprise \u00bb traitera les donn\u00e9es des Utilisateurs selon les finalit\u00e9s suivantes :<\/p>\n<ul data-start=\"2018\" data-end=\"2846\">\n<li data-start=\"2018\" data-end=\"2409\">\n<p data-start=\"2020\" data-end=\"2409\">G\u00e9rer l\u2019utilisation des fonctionnalit\u00e9s mises \u00e0 disposition via le site web. Les donn\u00e9es trait\u00e9es \u00e0 cette fin seront conserv\u00e9es tant que la relation contractuelle et\/ou commerciale entre l\u2019Utilisateur et L\u2019Entreprise subsiste. Si les demandes effectu\u00e9es par un utilisateur ne donnent pas lieu \u00e0 une relation contractuelle, les donn\u00e9es seront conserv\u00e9es jusqu\u2019\u00e0 la r\u00e9solution de la demande.<\/p>\n<\/li>\n<li data-start=\"2413\" data-end=\"2613\">\n<p data-start=\"2415\" data-end=\"2613\">R\u00e9pondre aux candidatures \u00e0 l\u2019emploi et g\u00e9rer les processus de s\u00e9lection. Les donn\u00e9es seront conserv\u00e9es pendant un maximum d\u2019un an \u00e0 compter de leur r\u00e9ception ou de la fin du processus de s\u00e9lection.<\/p>\n<\/li>\n<li data-start=\"2615\" data-end=\"2846\">\n<p data-start=\"2617\" data-end=\"2846\">Informer les utilisateurs via des communications commerciales sur les services et nouveaut\u00e9s de L\u2019Entreprise. L\u2019Utilisateur ne recevra ces communications commerciales qu\u2019en cas d\u2019acceptation explicite, via la case correspondante.<\/p>\n<\/li>\n<\/ul>\n<p data-start=\"2848\" data-end=\"2973\">Ces donn\u00e9es seront uniquement trait\u00e9es jusqu\u2019\u00e0 ce que l\u2019Utilisateur retire son consentement ou exerce son droit d\u2019opposition.<\/p>\n<p data-start=\"2980\" data-end=\"3092\"><strong data-start=\"2980\" data-end=\"2999\">Destinataires :<\/strong><br data-start=\"2999\" data-end=\"3002\" \/>Les donn\u00e9es des utilisateurs ne seront pas transmises \u00e0 des tiers, sauf obligation l\u00e9gale.<\/p>\n<p data-start=\"3099\" data-end=\"3666\"><strong data-start=\"3099\" data-end=\"3111\">Droits :<\/strong><br data-start=\"3111\" data-end=\"3114\" \/>L\u2019Utilisateur peut, \u00e0 tout moment et gratuitement, exercer ses droits d\u2019acc\u00e8s, de rectification, d\u2019opposition et de suppression des donn\u00e9es, ainsi que les autres droits pr\u00e9vus par le R\u00e8glement (UE) 679\/2016, \u00e0 savoir : le droit \u00e0 la portabilit\u00e9 et \u00e0 la limitation du traitement. Il pourra le faire par \u00e9crit accompagn\u00e9 d\u2019une copie de sa carte d\u2019identit\u00e9 ou d\u2019un document valable l\u2019identifiant, envoy\u00e9 \u00e0 L\u2019Entreprise \u00e0 l\u2019adresse suivante : <strong data-start=\"3553\" data-end=\"3590\">Ronda Llevant, 4, 08310 Barcelone<\/strong> (R\u00e9f. Protection des Donn\u00e9es), ou par e-mail \u00e0\u00a0<a href=\"mailto:export@hatapress.com\">export@hatapress.com<\/a><\/p>\n<p data-start=\"3668\" data-end=\"3801\">L\u2019Entreprise informe l\u2019Utilisateur qu\u2019il a \u00e9galement le droit de d\u00e9poser une r\u00e9clamation aupr\u00e8s de l\u2019autorit\u00e9 de contr\u00f4le comp\u00e9tente.<\/p>\n<p data-start=\"3808\" data-end=\"3907\"><strong data-start=\"3808\" data-end=\"3907\">Est-il obligatoire de fournir toutes les informations demand\u00e9es dans le formulaire de contact ?<\/strong><\/p>\n<p data-start=\"3909\" data-end=\"4270\">Dans les formulaires du site web, l\u2019Utilisateur doit remplir les champs marqu\u00e9s comme \u00ab obligatoires \u00bb. Le non-remplissage de ces champs ou un remplissage partiel peut emp\u00eacher L\u2019Entreprise de r\u00e9pondre \u00e0 la demande, et, par cons\u00e9quent, L\u2019Entreprise sera exon\u00e9r\u00e9e de toute responsabilit\u00e9 en cas de non-prestation ou de prestation partielle des services demand\u00e9s.<\/p>\n<p data-start=\"4272\" data-end=\"4467\">Les donn\u00e9es personnelles fournies par l\u2019Utilisateur doivent \u00eatre exactes et \u00e0 jour afin d\u2019\u00e9viter des erreurs dans les fichiers. L\u2019Utilisateur est responsable de l\u2019exactitude des donn\u00e9es fournies.<\/p>\n<p data-start=\"4474\" data-end=\"4649\"><strong data-start=\"4474\" data-end=\"4487\">Mineurs :<\/strong><br data-start=\"4487\" data-end=\"4490\" \/>Les mineurs de moins de 14 ans ne peuvent pas transmettre leurs donn\u00e9es personnelles \u00e0 L\u2019Entreprise sans le consentement de leurs parents et\/ou tuteurs l\u00e9gaux.<\/p>\n<p data-start=\"4651\" data-end=\"4940\">Si L\u2019Entreprise d\u00e9tecte qu\u2019un utilisateur a moins de 14 ans, elle se r\u00e9serve le droit de demander une copie de son document d\u2019identit\u00e9 ou, le cas \u00e9ch\u00e9ant, l\u2019autorisation de ses parents et\/ou tuteurs l\u00e9gaux, et supprimera l\u2019utilisateur en cas de non-pr\u00e9sentation ou de r\u00e9ponse insuffisante.<\/p>\n<p data-start=\"4947\" data-end=\"5017\"><strong data-start=\"4947\" data-end=\"5017\">Quelles mesures de s\u00e9curit\u00e9 l\u2019entreprise a-t-elle mises en \u0153uvre ?<\/strong><\/p>\n<p data-start=\"5019\" data-end=\"5236\">L\u2019Entreprise informe que le traitement des donn\u00e9es personnelles est r\u00e9alis\u00e9 \u00e0 tout moment conform\u00e9ment \u00e0 la r\u00e9glementation applicable en mati\u00e8re de protection des donn\u00e9es et de services de la soci\u00e9t\u00e9 de l\u2019information.<\/p>\n<p data-start=\"5238\" data-end=\"5706\">L\u2019Entreprise a mis en place les mesures de s\u00e9curit\u00e9 techniques et organisationnelles n\u00e9cessaires pour garantir la s\u00e9curit\u00e9 des donn\u00e9es personnelles de l\u2019Utilisateur et emp\u00eacher leur alt\u00e9ration, perte, traitement et\/ou acc\u00e8s non autoris\u00e9, en fonction de l\u2019\u00e9tat de la technologie, de la nature des donn\u00e9es et des risques auxquels elles sont expos\u00e9es, qu\u2019ils proviennent d\u2019une action humaine ou de causes naturelles ou physiques, conform\u00e9ment \u00e0 la l\u00e9gislation en vigueur.<\/p>\n<p data-start=\"5713\" data-end=\"5732\"><strong data-start=\"5713\" data-end=\"5732\">R\u00e9seaux sociaux<\/strong><\/p>\n<p data-start=\"5734\" data-end=\"5978\">L\u2019Entreprise dispose de profils sur les r\u00e9seaux sociaux afin de publier et diffuser des informations sur les services propos\u00e9s via le site web, d\u2019interagir avec les utilisateurs et de proposer un canal de communication et d\u2019interaction sociale.<\/p>\n<p data-start=\"5980\" data-end=\"6090\">Les r\u00e9seaux sociaux sur lesquels L\u2019Entreprise poss\u00e8de un profil sous le nom commercial \u00ab L\u2019Entreprise \u00bb sont :<\/p>\n<ul data-start=\"6092\" data-end=\"6115\">\n<li data-start=\"6092\" data-end=\"6103\">\n<p data-start=\"6094\" data-end=\"6103\">YouTube<\/p>\n<\/li>\n<li data-start=\"6104\" data-end=\"6115\">\n<p data-start=\"6106\" data-end=\"6115\">Instagram<\/p>\n<\/li>\n<\/ul>\n","protected":false},"excerpt":{"rendered":"<p>Politique de confidentialit\u00e9 Protection des donn\u00e9es \u00e0 caract\u00e8re personnel Par la pr\u00e9sente politique de confidentialit\u00e9, Hatapress &amp; Garments SLU. souhaite informer toutes les personnes qui naviguent et acc\u00e8dent au site web www.hatapress.com sur le traitement des donn\u00e9es personnelles effectu\u00e9. L\u2019acc\u00e8s au site web ne n\u00e9cessite pas d\u2019enregistrement pr\u00e9alable. En tout \u00e9tat de cause, l\u2019Utilisateur, en [&hellip;]<\/p>\n","protected":false},"author":1,"featured_media":0,"parent":0,"menu_order":0,"comment_status":"closed","ping_status":"closed","template":"","meta":{"footnotes":""},"class_list":["post-1635","page","type-page","status-publish","hentry"],"yoast_head":"<!-- This site is optimized with the Yoast SEO plugin v27.3 - https:\/\/yoast.com\/product\/yoast-seo-wordpress\/ -->\n<title>Politique de confidentialit\u00e9 - Hatapress<\/title>\n<meta name=\"robots\" content=\"index, follow, max-snippet:-1, max-image-preview:large, max-video-preview:-1\" \/>\n<link rel=\"canonical\" href=\"https:\/\/hatapress.com\/fr\/politique-de-confidentialite\/\" \/>\n<meta property=\"og:locale\" content=\"fr_FR\" \/>\n<meta property=\"og:type\" content=\"article\" \/>\n<meta property=\"og:title\" content=\"Politique de confidentialit\u00e9 - Hatapress\" \/>\n<meta property=\"og:description\" content=\"Politique de confidentialit\u00e9 Protection des donn\u00e9es \u00e0 caract\u00e8re personnel Par la pr\u00e9sente politique de confidentialit\u00e9, Hatapress &amp; Garments SLU. souhaite informer toutes les personnes qui naviguent et acc\u00e8dent au site web www.hatapress.com sur le traitement des donn\u00e9es personnelles effectu\u00e9. L\u2019acc\u00e8s au site web ne n\u00e9cessite pas d\u2019enregistrement pr\u00e9alable. En tout \u00e9tat de cause, l\u2019Utilisateur, en [&hellip;]\" \/>\n<meta property=\"og:url\" content=\"https:\/\/hatapress.com\/fr\/politique-de-confidentialite\/\" \/>\n<meta property=\"og:site_name\" content=\"Hatapress\" \/>\n<meta property=\"article:modified_time\" content=\"2025-06-06T11:59:43+00:00\" \/>\n<meta name=\"twitter:card\" content=\"summary_large_image\" \/>\n<meta name=\"twitter:label1\" content=\"Dur\u00e9e de lecture estim\u00e9e\" \/>\n\t<meta name=\"twitter:data1\" content=\"4 minutes\" \/>\n<script type=\"application\/ld+json\" class=\"yoast-schema-graph\">{\"@context\":\"https:\\\/\\\/schema.org\",\"@graph\":[{\"@type\":\"WebPage\",\"@id\":\"https:\\\/\\\/hatapress.com\\\/fr\\\/politique-de-confidentialite\\\/\",\"url\":\"https:\\\/\\\/hatapress.com\\\/fr\\\/politique-de-confidentialite\\\/\",\"name\":\"Politique de confidentialit\u00e9 - Hatapress\",\"isPartOf\":{\"@id\":\"https:\\\/\\\/hatapress.com\\\/#website\"},\"datePublished\":\"2025-02-14T11:52:22+00:00\",\"dateModified\":\"2025-06-06T11:59:43+00:00\",\"breadcrumb\":{\"@id\":\"https:\\\/\\\/hatapress.com\\\/fr\\\/politique-de-confidentialite\\\/#breadcrumb\"},\"inLanguage\":\"fr-FR\",\"potentialAction\":[{\"@type\":\"ReadAction\",\"target\":[\"https:\\\/\\\/hatapress.com\\\/fr\\\/politique-de-confidentialite\\\/\"]}]},{\"@type\":\"BreadcrumbList\",\"@id\":\"https:\\\/\\\/hatapress.com\\\/fr\\\/politique-de-confidentialite\\\/#breadcrumb\",\"itemListElement\":[{\"@type\":\"ListItem\",\"position\":1,\"name\":\"Portada\",\"item\":\"https:\\\/\\\/hatapress.com\\\/fr\\\/accueil\\\/\"},{\"@type\":\"ListItem\",\"position\":2,\"name\":\"Politique de confidentialit\u00e9\"}]},{\"@type\":\"WebSite\",\"@id\":\"https:\\\/\\\/hatapress.com\\\/#website\",\"url\":\"https:\\\/\\\/hatapress.com\\\/\",\"name\":\"Hatapress\",\"description\":\"\",\"potentialAction\":[{\"@type\":\"SearchAction\",\"target\":{\"@type\":\"EntryPoint\",\"urlTemplate\":\"https:\\\/\\\/hatapress.com\\\/?s={search_term_string}\"},\"query-input\":{\"@type\":\"PropertyValueSpecification\",\"valueRequired\":true,\"valueName\":\"search_term_string\"}}],\"inLanguage\":\"fr-FR\"}]}<\/script>\n<!-- \/ Yoast SEO plugin. -->","yoast_head_json":{"title":"Politique de confidentialit\u00e9 - Hatapress","robots":{"index":"index","follow":"follow","max-snippet":"max-snippet:-1","max-image-preview":"max-image-preview:large","max-video-preview":"max-video-preview:-1"},"canonical":"https:\/\/hatapress.com\/fr\/politique-de-confidentialite\/","og_locale":"fr_FR","og_type":"article","og_title":"Politique de confidentialit\u00e9 - Hatapress","og_description":"Politique de confidentialit\u00e9 Protection des donn\u00e9es \u00e0 caract\u00e8re personnel Par la pr\u00e9sente politique de confidentialit\u00e9, Hatapress &amp; Garments SLU. souhaite informer toutes les personnes qui naviguent et acc\u00e8dent au site web www.hatapress.com sur le traitement des donn\u00e9es personnelles effectu\u00e9. L\u2019acc\u00e8s au site web ne n\u00e9cessite pas d\u2019enregistrement pr\u00e9alable. En tout \u00e9tat de cause, l\u2019Utilisateur, en [&hellip;]","og_url":"https:\/\/hatapress.com\/fr\/politique-de-confidentialite\/","og_site_name":"Hatapress","article_modified_time":"2025-06-06T11:59:43+00:00","twitter_card":"summary_large_image","twitter_misc":{"Dur\u00e9e de lecture estim\u00e9e":"4 minutes"},"schema":{"@context":"https:\/\/schema.org","@graph":[{"@type":"WebPage","@id":"https:\/\/hatapress.com\/fr\/politique-de-confidentialite\/","url":"https:\/\/hatapress.com\/fr\/politique-de-confidentialite\/","name":"Politique de confidentialit\u00e9 - Hatapress","isPartOf":{"@id":"https:\/\/hatapress.com\/#website"},"datePublished":"2025-02-14T11:52:22+00:00","dateModified":"2025-06-06T11:59:43+00:00","breadcrumb":{"@id":"https:\/\/hatapress.com\/fr\/politique-de-confidentialite\/#breadcrumb"},"inLanguage":"fr-FR","potentialAction":[{"@type":"ReadAction","target":["https:\/\/hatapress.com\/fr\/politique-de-confidentialite\/"]}]},{"@type":"BreadcrumbList","@id":"https:\/\/hatapress.com\/fr\/politique-de-confidentialite\/#breadcrumb","itemListElement":[{"@type":"ListItem","position":1,"name":"Portada","item":"https:\/\/hatapress.com\/fr\/accueil\/"},{"@type":"ListItem","position":2,"name":"Politique de confidentialit\u00e9"}]},{"@type":"WebSite","@id":"https:\/\/hatapress.com\/#website","url":"https:\/\/hatapress.com\/","name":"Hatapress","description":"","potentialAction":[{"@type":"SearchAction","target":{"@type":"EntryPoint","urlTemplate":"https:\/\/hatapress.com\/?s={search_term_string}"},"query-input":{"@type":"PropertyValueSpecification","valueRequired":true,"valueName":"search_term_string"}}],"inLanguage":"fr-FR"}]}},"_links":{"self":[{"href":"https:\/\/hatapress.com\/fr\/wp-json\/wp\/v2\/pages\/1635","targetHints":{"allow":["GET"]}}],"collection":[{"href":"https:\/\/hatapress.com\/fr\/wp-json\/wp\/v2\/pages"}],"about":[{"href":"https:\/\/hatapress.com\/fr\/wp-json\/wp\/v2\/types\/page"}],"author":[{"embeddable":true,"href":"https:\/\/hatapress.com\/fr\/wp-json\/wp\/v2\/users\/1"}],"replies":[{"embeddable":true,"href":"https:\/\/hatapress.com\/fr\/wp-json\/wp\/v2\/comments?post=1635"}],"version-history":[{"count":0,"href":"https:\/\/hatapress.com\/fr\/wp-json\/wp\/v2\/pages\/1635\/revisions"}],"wp:attachment":[{"href":"https:\/\/hatapress.com\/fr\/wp-json\/wp\/v2\/media?parent=1635"}],"curies":[{"name":"wp","href":"https:\/\/api.w.org\/{rel}","templated":true}]}}